{"id":5385,"date":"2022-06-14T08:53:46","date_gmt":"2022-06-14T13:53:46","guid":{"rendered":"https:\/\/web.teclemas.edu.ec\/?page_id=587"},"modified":"2022-06-14T08:53:46","modified_gmt":"2022-06-14T13:53:46","slug":"nuestra-matrona","status":"publish","type":"page","link":"https:\/\/www.teclemas.ec\/inicio\/nuestra-matrona\/","title":{"rendered":"Nuestra Matrona"},"content":{"rendered":"\t\t<div data-elementor-type=\"wp-page\" data-elementor-id=\"5385\" class=\"elementor elementor-5385\">\n\t\t\t\t\t\t<section class=\"elementor-section elementor-top-section elementor-element elementor-element-758735f9 elementor-section-stretched elementor-section-boxed elementor-section-height-default elementor-section-height-default\" data-id=\"758735f9\" data-element_type=\"section\" data-settings=\"{&quot;background_background&quot;:&quot;classic&quot;,&quot;stretch_section&quot;:&quot;section-stretched&quot;}\">\n\t\t\t\t\t\t\t<div class=\"elementor-background-overlay\"><\/div>\n\t\t\t\t\t\t\t<div class=\"elementor-container elementor-column-gap-default\">\n\t\t\t\t\t<div class=\"elementor-column elementor-col-50 elementor-top-column elementor-element elementor-element-653994ee\" data-id=\"653994ee\" data-element_type=\"column\" data-settings=\"{&quot;background_background&quot;:&quot;classic&quot;}\">\n\t\t\t<div class=\"elementor-widget-wrap elementor-element-populated\">\n\t\t\t\t\t\t<div class=\"elementor-element elementor-element-7adfc1b4 elementor-widget elementor-widget-heading\" data-id=\"7adfc1b4\" data-element_type=\"widget\" data-widget_type=\"heading.default\">\n\t\t\t\t<div class=\"elementor-widget-container\">\n\t\t\t\t\t<h1 class=\"elementor-heading-title elementor-size-default\">Nuestra Matrona<\/h1>\t\t\t\t<\/div>\n\t\t\t\t<\/div>\n\t\t\t\t<div class=\"elementor-element elementor-element-33b91d11 elementor-view-default elementor-widget elementor-widget-icon\" data-id=\"33b91d11\" data-element_type=\"widget\" data-widget_type=\"icon.default\">\n\t\t\t\t<div class=\"elementor-widget-container\">\n\t\t\t\t\t\t\t<div class=\"elementor-icon-wrapper\">\n\t\t\t<div class=\"elementor-icon\">\n\t\t\t<i aria-hidden=\"true\" class=\"fas fa-caret-down\"><\/i>\t\t\t<\/div>\n\t\t<\/div>\n\t\t\t\t\t\t<\/div>\n\t\t\t\t<\/div>\n\t\t\t\t\t<\/div>\n\t\t<\/div>\n\t\t\t\t<div class=\"elementor-column elementor-col-50 elementor-top-column elementor-element elementor-element-7e870fc0\" data-id=\"7e870fc0\" data-element_type=\"column\">\n\t\t\t<div class=\"elementor-widget-wrap\">\n\t\t\t\t\t\t\t<\/div>\n\t\t<\/div>\n\t\t\t\t\t<\/div>\n\t\t<\/section>\n\t\t\t\t<section class=\"elementor-section elementor-top-section elementor-element elementor-element-567378c elementor-section-boxed elementor-section-height-default elementor-section-height-default\" data-id=\"567378c\" data-element_type=\"section\">\n\t\t\t\t\t\t<div class=\"elementor-container elementor-column-gap-default\">\n\t\t\t\t\t<div class=\"elementor-column elementor-col-33 elementor-top-column elementor-element elementor-element-75a33c0\" data-id=\"75a33c0\" data-element_type=\"column\">\n\t\t\t<div class=\"elementor-widget-wrap elementor-element-populated\">\n\t\t\t\t\t\t<div class=\"elementor-element elementor-element-6be67c8 elementor-widget elementor-widget-image\" data-id=\"6be67c8\" data-element_type=\"widget\" data-widget_type=\"image.default\">\n\t\t\t\t<div class=\"elementor-widget-container\">\n\t\t\t\t\t\t\t\t\t\t\t\t\t\t\t<img decoding=\"async\" src=\"https:\/\/web.teclemas.edu.ec\/wp-content\/uploads\/2022\/06\/margaritaamestoy.jpg\" title=\"\" alt=\"\" loading=\"lazy\" \/>\t\t\t\t\t\t\t\t\t\t\t\t\t\t\t<\/div>\n\t\t\t\t<\/div>\n\t\t\t\t\t<\/div>\n\t\t<\/div>\n\t\t\t\t<div class=\"elementor-column elementor-col-66 elementor-top-column elementor-element elementor-element-58e906f\" data-id=\"58e906f\" data-element_type=\"column\">\n\t\t\t<div class=\"elementor-widget-wrap elementor-element-populated\">\n\t\t\t\t\t\t<div class=\"elementor-element elementor-element-9cddd0b elementor-widget elementor-widget-heading\" data-id=\"9cddd0b\" data-element_type=\"widget\" data-widget_type=\"heading.default\">\n\t\t\t\t<div class=\"elementor-widget-container\">\n\t\t\t\t\t<h2 class=\"elementor-heading-title elementor-size-default\"><a href=\"#\">Biograf\u00eda de Margarita Amestoy de S\u00e1nchez<\/a><\/h2>\t\t\t\t<\/div>\n\t\t\t\t<\/div>\n\t\t\t\t<div class=\"elementor-element elementor-element-d3678c6 elementor-widget elementor-widget-heading\" data-id=\"d3678c6\" data-element_type=\"widget\" data-widget_type=\"heading.default\">\n\t\t\t\t<div class=\"elementor-widget-container\">\n\t\t\t\t\t<h4 class=\"elementor-heading-title elementor-size-default\">Creadora de la Metodolog\u00eda de Procesos para el Desarrollo del Pensamiento<\/h4>\t\t\t\t<\/div>\n\t\t\t\t<\/div>\n\t\t\t\t<div class=\"elementor-element elementor-element-b25eb7f elementor-widget elementor-widget-text-editor\" data-id=\"b25eb7f\" data-element_type=\"widget\" data-widget_type=\"text-editor.default\">\n\t\t\t\t<div class=\"elementor-widget-container\">\n\t\t\t\t\t\t\t\t\t<b>Nacimiento:<\/b>  24 de noviembre de 1929, poblaci\u00f3n de Altagracia de Orituco (estado Gu\u00e1rico)<br><br>\n<b>Estudios :<\/b><br>\n<ul>\n<li>Curs\u00f3 la carrera de Qu\u00edmica Industrial en el Instituto Rodolfo Loero Arismendi, gradu\u00e1ndose all\u00ed en 1956.<\/li>\n<li>Ingres\u00f3 a formar parte del alumnado del Instituto Pedag\u00f3gico Nacional. Egresa en 1960 con el t\u00edtulo de Profesor de Educaci\u00f3n Secundaria y Normal en Matem\u00e1ticas y F\u00edsica.<\/li>\n<li>En 1971  viaj\u00f3 a Estados Unidos para realizar su postgrado. <\/li>\n<li>Se gradu\u00f3 de M\u00e1ster en F\u00edsica y de Doctora en Ense\u00f1anza de la Ciencia en la Universidad de Texas (Austin, USA), obteniendo este t\u00edtulo en 1975. <\/li><\/ul>\n\t\t\t\t\t\t\t\t<\/div>\n\t\t\t\t<\/div>\n\t\t\t\t\t<\/div>\n\t\t<\/div>\n\t\t\t\t\t<\/div>\n\t\t<\/section>\n\t\t\t\t<section class=\"elementor-section elementor-top-section elementor-element elementor-element-8f73246 elementor-section-boxed elementor-section-height-default elementor-section-height-default\" data-id=\"8f73246\" data-element_type=\"section\">\n\t\t\t\t\t\t<div class=\"elementor-container elementor-column-gap-default\">\n\t\t\t\t\t<div class=\"elementor-column elementor-col-100 elementor-top-column elementor-element elementor-element-c6b7f40\" data-id=\"c6b7f40\" data-element_type=\"column\">\n\t\t\t<div class=\"elementor-widget-wrap elementor-element-populated\">\n\t\t\t\t\t\t<div class=\"elementor-element elementor-element-9128b32 elementor-widget elementor-widget-text-editor\" data-id=\"9128b32\" data-element_type=\"widget\" data-widget_type=\"text-editor.default\">\n\t\t\t\t<div class=\"elementor-widget-container\">\n\t\t\t\t\t\t\t\t\t<b>        Tesis Doctoral::<\/b><br>\n<ul>\n<li>\u201c<b>An analysis of the three years physics curriculum in the secondary offering science curricula in Venezuela\u201d,<\/b> siendo su tutor el Dr. Robert N. Little; dicho trabajo traducido al espa\u00f1ol, fue publicado por la El\u00e9ctrica de Caracas en 1978.<\/li>\n<li>A partir de 1979 se dedic\u00f3 al estudio de las ciencias cognitivas desde su natal Venezuela, colaborando primero en el Ministerio de Educaci\u00f3n y luego para el Ministerio del Desarrollo de la Inteligencia,  liderado por  Luis Alberto Machado, en el per\u00edodo del Presidente Luis Herrera Campins (1979 -1984), quien desde su posici\u00f3n pol\u00edtica sosten\u00eda que hab\u00eda que democratizar la inteligencia,<\/li><\/ul>\n\t\t\t\t\t\t\t\t<\/div>\n\t\t\t\t<\/div>\n\t\t\t\t<div class=\"elementor-element elementor-element-aeaefe9 elementor-widget elementor-widget-text-editor\" data-id=\"aeaefe9\" data-element_type=\"widget\" data-widget_type=\"text-editor.default\">\n\t\t\t\t<div class=\"elementor-widget-container\">\n\t\t\t\t\t\t\t\t\t<b>      Experiencias y Obras<\/b><br>\n<ul>\n<li>Fue profesora de F\u00edsica y Matem\u00e1ticas en el Instituto Pedag\u00f3gico de Caracas. Particip\u00f3 acompa\u00f1ada por un conjunto de destacados docentes en la elaboraci\u00f3n del libro de matem\u00e1ticas de primer curso, publicado en 1965. <\/li>\n<li>Es \u00e9sta la primera obra venezolana escrita dentro de la concepci\u00f3n de las \u201cMatem\u00e1ticas Modernas\u201d, para 1\u00ba y 2\u00ba a\u00f1o del primer ciclo del nivel secundario.<\/li>\n<li>A partir del aporte del libro de Machado, Margarita cre\u00f3 una verdadera  \u201cRevoluci\u00f3n de la Inteligencia\u201d, el mismo que hab\u00eda sido publicado en 1975. <\/li>\n<li>Trabaj\u00f3 en directa colaboraci\u00f3n con diversos estudiosos de la cognici\u00f3n humana como Reuven Feuerstein y con Robert J. Sternberg., en centros educativos y en empresas como la Petrolera venezolana PDVSA. En el a\u00f1o 1981 fue profesora invitada de la Universidad de Harvard.<\/li>\n<li>En 1982 fue Comisionada del Ministerio de Educaci\u00f3n y Coordinadora Nacional de los Proyectos para el Desarrollo de la Inteligencia. <\/li>\n<li>En 1984 estuvo en la Rep\u00fablica Popular China. <\/li>\n<li>Desde 1986 hasta 1996 trabaj\u00f3 en M\u00e9xico, espec\u00edficamente en el Instituto Tecnol\u00f3gico de Estudios Superiores de Monterrey (ITESM\/TEC), M\u00e9xico, donde instal\u00f3 y dirigi\u00f3 el proyecto Desarrollo de Habilidades del Pensamiento. Por siete a\u00f1os dise\u00f1\u00f3 y dirigi\u00f3 el programa de Maestr\u00eda en Desarrollo Cognitivo de la misma instituci\u00f3n. Adem\u00e1s, fue directora del programa de creatividad de dicho Instituto.<\/li>\n<li>Desde 1996 hasta 2008 dirigi\u00f3 desde Caracas, el Centro para Desarrollo e Investigaci\u00f3n del Pensamiento (CEDIP), junto con su hijo, Alfredo S\u00e1nchez Amestoy, per\u00edodo en el cual promovieron e implantaron programas de desarrollo de habilidades del pensamiento en Venezuela, M\u00e9xico, Colombia, Chile y Ecuador, en sistemas educativos y empresas que optaron por usar la metodolog\u00eda con sus j\u00f3venes y empleados. <\/li>\n<li>Su trabajo en <b>Ecuador desde 1996, estuvo dirigido a unidades educativas particulares de la ciudad de Guayaquil, Quito, Cuenca, entre otras, con la preparaci\u00f3n de cientos de maestros y estudiantes con el programa Aprende a Pensar (AP) y Desarrollo de Habilidades del Pensamiento (DHP)<\/b>, a\u00f1os m\u00e1s tarde tambi\u00e9n fuera implementado por el Municipio de Guayaquil y Fundaci\u00f3n Ecuador para escuelas p\u00fablicas de la ciudad.<\/li>\n<\/ul>\n\t\t\t\t\t\t\t\t<\/div>\n\t\t\t\t<\/div>\n\t\t\t\t<div class=\"elementor-element elementor-element-c880c78 elementor-widget elementor-widget-text-editor\" data-id=\"c880c78\" data-element_type=\"widget\" data-widget_type=\"text-editor.default\">\n\t\t\t\t<div class=\"elementor-widget-container\">\n\t\t\t\t\t\t\t\t\t<b>       Fallecimiento:<\/b><br>\n<ul>\n<li>El s\u00e1bado 2 de febrero sufre un accidente cerebro vascular en Caracas, y desafortunadamente fallece el 5 de abril del 2008 a consecuencia de posteriores y severas complicaciones que desarroll\u00f3.<\/li><\/ul>\n \t\t\t\t\t\t\t\t<\/div>\n\t\t\t\t<\/div>\n\t\t\t\t<div class=\"elementor-element elementor-element-e20d290 elementor-widget elementor-widget-text-editor\" data-id=\"e20d290\" data-element_type=\"widget\" data-widget_type=\"text-editor.default\">\n\t\t\t\t<div class=\"elementor-widget-container\">\n\t\t\t\t\t\t\t\t\t<b>       Honores en su nombre:<\/b><br>\n<ul>\n<li><b>En el a\u00f1o 2009, se crea la Unidad Educativa LEMAS (Liceo Educativo Margarita Amestoy de S\u00e1nchez)<\/b> en su honor, fue la asesora, mentora y gran amiga de la familia Calder\u00f3n, quienes continuaron su legado desde la ciudad de Guayaquil, dejando perennizado el nombre de la gran pedagoga, cient\u00edfica y educadora, ella es la fuente de la metodolog\u00eda que actualmente impulsa todo el \u00e1mbito educativo de nuestra instituci\u00f3n.<\/li>\n<li>El  7 de marzo del 2019, se crea la <b>Fundaci\u00f3n Margarita Amestoy de S\u00e1nchez, (www.fundacionmas.org) <\/b>con su Presidente el Doctor Alfredo S\u00e1nchez Amestoy, Director General el Ingeniero V\u00edctor Hugo Calder\u00f3n, y Vicepresidente el Ing. David Gavil\u00e1nez, que sirve por medio del Programa Educativo para la Creatividad e Innovaci\u00f3n (PECI) a m\u00e1s de 20 escuelas, 5000 ni\u00f1os de instituciones particulares populares de la ciudad de Guayaquil y que est\u00e1 dando sus primeros pasos, en honor a esta gran mujer, que ha dejado un legado innumerable de investigaciones y metodolog\u00eda que permite que los ni\u00f1os y j\u00f3venes manejen de manera acertada sus habilidades blandas, la toma de decisiones, el razonamiento l\u00f3gico, cr\u00edtico y creativo, pero sobre todo que les permita enfrentarse a un mundo cada vez m\u00e1s globalizado.<\/li>\n<li>Su inspiraci\u00f3n trascendi\u00f3 a la Educaci\u00f3n Superior ecuatoriana y es as\u00ed como en el 2019 se inici\u00f3 la creaci\u00f3n del Instituto Superior Tecnol\u00f3gico LEMAS (www.teclemas.edu.ec ), y que desde junio de 2020 inici\u00f3 su primer periodo, a trav\u00e9s de tres carreras, aplicando su metodolog\u00eda en la formaci\u00f3n de profesionales de tercer nivel.<\/li>\n<\/ul>\n\t\t\t\t\t\t\t\t<\/div>\n\t\t\t\t<\/div>\n\t\t\t\t\t<\/div>\n\t\t<\/div>\n\t\t\t\t\t<\/div>\n\t\t<\/section>\n\t\t\t\t<\/div>\n\t\t","protected":false},"excerpt":{"rendered":"<p>Nuestra Matrona Biograf\u00eda de Margarita Amestoy de S\u00e1nchez Creadora de la Metodolog\u00eda de Procesos para el Desarrollo del Pensamiento Nacimiento: 24 de noviembre de 1929,&nbsp;<a href=\"https:\/\/www.teclemas.ec\/inicio\/nuestra-matrona\/\">&hellip;<\/a><\/p>\n","protected":false},"author":4,"featured_media":0,"parent":0,"menu_order":0,"comment_status":"closed","ping_status":"closed","template":"template-fullwidth-no-title.php","meta":{"footnotes":""},"class_list":["post-5385","page","type-page","status-publish","hentry","odd"],"_links":{"self":[{"href":"https:\/\/www.teclemas.ec\/inicio\/wp-json\/wp\/v2\/pages\/5385","targetHints":{"allow":["GET"]}}],"collection":[{"href":"https:\/\/www.teclemas.ec\/inicio\/wp-json\/wp\/v2\/pages"}],"about":[{"href":"https:\/\/www.teclemas.ec\/inicio\/wp-json\/wp\/v2\/types\/page"}],"author":[{"embeddable":true,"href":"https:\/\/www.teclemas.ec\/inicio\/wp-json\/wp\/v2\/users\/4"}],"replies":[{"embeddable":true,"href":"https:\/\/www.teclemas.ec\/inicio\/wp-json\/wp\/v2\/comments?post=5385"}],"version-history":[{"count":0,"href":"https:\/\/www.teclemas.ec\/inicio\/wp-json\/wp\/v2\/pages\/5385\/revisions"}],"wp:attachment":[{"href":"https:\/\/www.teclemas.ec\/inicio\/wp-json\/wp\/v2\/media?parent=5385"}],"curies":[{"name":"wp","href":"https:\/\/api.w.org\/{rel}","templated":true}]}}