{"id":5132,"date":"2024-10-20T07:39:05","date_gmt":"2024-10-20T12:39:05","guid":{"rendered":"https:\/\/teclemas.edu.ec\/?page_id=5132"},"modified":"2024-10-20T07:39:05","modified_gmt":"2024-10-20T12:39:05","slug":"politica-de-cookies","status":"publish","type":"page","link":"https:\/\/www.teclemas.ec\/inicio\/politica-de-cookies\/","title":{"rendered":"Pol\u00edtica de cookies"},"content":{"rendered":"\t\t<div data-elementor-type=\"wp-page\" data-elementor-id=\"5132\" class=\"elementor elementor-5132\">\n\t\t\t\t\t\t<section class=\"elementor-section elementor-top-section elementor-element elementor-element-261602ac elementor-section-boxed elementor-section-height-default elementor-section-height-default\" data-id=\"261602ac\" data-element_type=\"section\">\n\t\t\t\t\t\t<div class=\"elementor-container elementor-column-gap-default\">\n\t\t\t\t\t<div class=\"elementor-column elementor-col-100 elementor-top-column elementor-element elementor-element-50a737ac\" data-id=\"50a737ac\" data-element_type=\"column\">\n\t\t\t<div class=\"elementor-widget-wrap elementor-element-populated\">\n\t\t\t\t\t\t<div class=\"elementor-element elementor-element-403ec496 elementor-widget elementor-widget-text-editor\" data-id=\"403ec496\" data-element_type=\"widget\" data-widget_type=\"text-editor.default\">\n\t\t\t\t<div class=\"elementor-widget-container\">\n\t\t\t\t\t\t\t\t\t\n\n\n<p align=\"justify\">El Instituto Tecnol\u00f3gico Superior TECLEMAS por medio del presente documento describe las cookies y tecnolog\u00edas de almacenamiento que usa en sitios web, dominios y aplicativos, informaci\u00f3n que ponemos en su conocimiento para promover principios de transparencia y el ejercicio de sus derechos en cumplimiento de la ley Org\u00e1nica de Protecci\u00f3n de Datos Personales.<\/p>\n\t\t\t\t\t\t\t\t<\/div>\n\t\t\t\t<\/div>\n\t\t\t\t<div class=\"elementor-element elementor-element-183c581 elementor-widget elementor-widget-accordion\" data-id=\"183c581\" data-element_type=\"widget\" data-widget_type=\"accordion.default\">\n\t\t\t\t<div class=\"elementor-widget-container\">\n\t\t\t\t\t\t\t<div class=\"elementor-accordion\">\n\t\t\t\t\t\t\t<div class=\"elementor-accordion-item\">\n\t\t\t\t\t<div id=\"elementor-tab-title-2541\" class=\"elementor-tab-title\" data-tab=\"1\" role=\"button\" aria-controls=\"elementor-tab-content-2541\" aria-expanded=\"false\">\n\t\t\t\t\t\t\t\t\t\t\t\t\t<span class=\"elementor-accordion-icon elementor-accordion-icon-left\" aria-hidden=\"true\">\n\t\t\t\t\t\t\t\t\t\t\t\t\t\t\t<span class=\"elementor-accordion-icon-closed\"><i class=\"fas fa-plus\"><\/i><\/span>\n\t\t\t\t\t\t\t\t<span class=\"elementor-accordion-icon-opened\"><i class=\"fas fa-minus\"><\/i><\/span>\n\t\t\t\t\t\t\t\t\t\t\t\t\t\t<\/span>\n\t\t\t\t\t\t\t\t\t\t\t\t<a class=\"elementor-accordion-title\" tabindex=\"0\">Pol\u00edtica de Cookies de Teclemas<\/a>\n\t\t\t\t\t<\/div>\n\t\t\t\t\t<div id=\"elementor-tab-content-2541\" class=\"elementor-tab-content elementor-clearfix\" data-tab=\"1\" role=\"region\" aria-labelledby=\"elementor-tab-title-2541\"><p><b>Teclemas<\/b><span style=\"font-weight: 400;\">, con domicilio en Mucho Lote 2, Ave. \u00c1ngel Calder\u00f3n Mu\u00f1oz a 1400 metros de la autopista Narcisa de Jes\u00fas y direcci\u00f3n electr\u00f3nica de contacto protecciondedatos@teclemas.edu.ec, le informa que administra sitios web y aplicativos que utilizan tecnolog\u00eda para recopilar informaci\u00f3n sobre su uso, mejorar su calidad y contenidos a trav\u00e9s del an\u00e1lisis de los h\u00e1bitos de navegaci\u00f3n de los usuarios, proporcion\u00e1ndoles una experiencia de navegaci\u00f3n \u00f3ptima, as\u00ed como para mejorar la prestaci\u00f3n de servicios educativos.<\/span><\/p>\n<p><span style=\"font-weight: 400;\">En la presente Pol\u00edtica de Cookies le explicamos qu\u00e9 son las cookies, qu\u00e9 tipos de cookies utilizamos y con qu\u00e9 finalidad lo hacemos. Adem\u00e1s, le explicamos c\u00f3mo puede configurarlas o desactivarlas si as\u00ed lo desea.<\/span><\/p><\/div>\n\t\t\t\t<\/div>\n\t\t\t\t\t\t\t<div class=\"elementor-accordion-item\">\n\t\t\t\t\t<div id=\"elementor-tab-title-2542\" class=\"elementor-tab-title\" data-tab=\"2\" role=\"button\" aria-controls=\"elementor-tab-content-2542\" aria-expanded=\"false\">\n\t\t\t\t\t\t\t\t\t\t\t\t\t<span class=\"elementor-accordion-icon elementor-accordion-icon-left\" aria-hidden=\"true\">\n\t\t\t\t\t\t\t\t\t\t\t\t\t\t\t<span class=\"elementor-accordion-icon-closed\"><i class=\"fas fa-plus\"><\/i><\/span>\n\t\t\t\t\t\t\t\t<span class=\"elementor-accordion-icon-opened\"><i class=\"fas fa-minus\"><\/i><\/span>\n\t\t\t\t\t\t\t\t\t\t\t\t\t\t<\/span>\n\t\t\t\t\t\t\t\t\t\t\t\t<a class=\"elementor-accordion-title\" tabindex=\"0\">\u00bfQu\u00e9 son las cookies?<\/a>\n\t\t\t\t\t<\/div>\n\t\t\t\t\t<div id=\"elementor-tab-content-2542\" class=\"elementor-tab-content elementor-clearfix\" data-tab=\"2\" role=\"region\" aria-labelledby=\"elementor-tab-title-2542\"><p>Las cookies y tecnolog\u00edas de almacenamiento son peque\u00f1os archivos que los sitios web guardan en su ordenador mientras navega por Internet. Estos archivos contienen un n\u00famero \u00fanico que identifica su ordenador incluso si cambia de lugar o direcci\u00f3n IP.\n<\/p><\/div>\n\t\t\t\t<\/div>\n\t\t\t\t\t\t\t<div class=\"elementor-accordion-item\">\n\t\t\t\t\t<div id=\"elementor-tab-title-2543\" class=\"elementor-tab-title\" data-tab=\"3\" role=\"button\" aria-controls=\"elementor-tab-content-2543\" aria-expanded=\"false\">\n\t\t\t\t\t\t\t\t\t\t\t\t\t<span class=\"elementor-accordion-icon elementor-accordion-icon-left\" aria-hidden=\"true\">\n\t\t\t\t\t\t\t\t\t\t\t\t\t\t\t<span class=\"elementor-accordion-icon-closed\"><i class=\"fas fa-plus\"><\/i><\/span>\n\t\t\t\t\t\t\t\t<span class=\"elementor-accordion-icon-opened\"><i class=\"fas fa-minus\"><\/i><\/span>\n\t\t\t\t\t\t\t\t\t\t\t\t\t\t<\/span>\n\t\t\t\t\t\t\t\t\t\t\t\t<a class=\"elementor-accordion-title\" tabindex=\"0\">\u00bfC\u00f3mo funcionan las cookies?<\/a>\n\t\t\t\t\t<\/div>\n\t\t\t\t\t<div id=\"elementor-tab-content-2543\" class=\"elementor-tab-content elementor-clearfix\" data-tab=\"3\" role=\"region\" aria-labelledby=\"elementor-tab-title-2543\"><ul>\n<li><b>Instalaci\u00f3n:<\/b> Se instalan autom\u00e1ticamente cuando visita un sitio web o utiliza una aplicaci\u00f3n, ya sea por el sitio que visita o por terceros con los que el sitio colabora.\n<li><b>Seguimiento: <\/b>Permiten al sitio web saber m\u00e1s sobre su actividad, como:\n<ul><li>Desde d\u00f3nde accede (ubicaci\u00f3n).\n<li>Cu\u00e1nto tiempo pasa en el sitio.\n<li>El tipo de dispositivo que usa (computadora o m\u00f3vil).\n<li>El sistema operativo y navegador que usa.\n<li>Las p\u00e1ginas que visita con m\u00e1s frecuencia.\n<li>Los clics que realiza y su comportamiento en Internet.\n<\/ul>\n<li><b>Funcionalidad:<\/b> Algunas funciones del sitio web o de las aplicaciones pueden no necesitar cookies para funcionar. Sin embargo, desactivar las cookies podr\u00eda afectar el correcto funcionamiento de estos servicios.\n<li><b>Seguridad:<\/b> Las cookies no da\u00f1an su ordenador ni sus dispositivos.<\/ul>\n<\/div>\n\t\t\t\t<\/div>\n\t\t\t\t\t\t\t<div class=\"elementor-accordion-item\">\n\t\t\t\t\t<div id=\"elementor-tab-title-2544\" class=\"elementor-tab-title\" data-tab=\"4\" role=\"button\" aria-controls=\"elementor-tab-content-2544\" aria-expanded=\"false\">\n\t\t\t\t\t\t\t\t\t\t\t\t\t<span class=\"elementor-accordion-icon elementor-accordion-icon-left\" aria-hidden=\"true\">\n\t\t\t\t\t\t\t\t\t\t\t\t\t\t\t<span class=\"elementor-accordion-icon-closed\"><i class=\"fas fa-plus\"><\/i><\/span>\n\t\t\t\t\t\t\t\t<span class=\"elementor-accordion-icon-opened\"><i class=\"fas fa-minus\"><\/i><\/span>\n\t\t\t\t\t\t\t\t\t\t\t\t\t\t<\/span>\n\t\t\t\t\t\t\t\t\t\t\t\t<a class=\"elementor-accordion-title\" tabindex=\"0\">\u00bfQu\u00e9 tipo de cookies utilizamos y para qu\u00e9 finalidades?<\/a>\n\t\t\t\t\t<\/div>\n\t\t\t\t\t<div id=\"elementor-tab-content-2544\" class=\"elementor-tab-content elementor-clearfix\" data-tab=\"4\" role=\"region\" aria-labelledby=\"elementor-tab-title-2544\"><p>A continuaci\u00f3n, detallamos los tipos de cookies que utilizamos. Dependiendo de su elecci\u00f3n, colocamos diferentes tipos de cookies y dispositivos de almacenamiento y\/o recuperaci\u00f3n de datos:<\/p>\n<ul>\n<li><b>Cookies propias: <\/b>Cookies enviadas a los dispositivos del usuario desde el dominio y los equipos gestionados y\/o administrados por Teclemas.<\/li>\n<li><b>Cookies de terceros:<\/b> Cookies enviadas a los dispositivos del usuario a trav\u00e9s del sitio web y aplicativos de Teclemas, pero que son gestionadas desde dominios, aplicativos o equipos diferentes a los administrados por Teclemas.<\/li>\n<li><b>Cookies de preferencias o personalizaci\u00f3n:<\/b> Cookies que permiten recordar informaci\u00f3n para que el usuario acceda a servicios con determinadas caracter\u00edsticas que puedan diferenciar su experiencia de la de otros usuarios.<\/li>\n<li><b>Cookies de sesi\u00f3n:<\/b> Cookies dise\u00f1adas para recopilar y almacenar datos para el acceso de los usuarios a sitios web o aplicativos de Teclemas.<\/li>\n<li><b>Cookies persistentes:<\/b> Cookies almacenadas, accedidas y tratadas durante per\u00edodos definidos.<\/li>\n<\/ul>\n<p>Usted puede configurar su navegador para bloquear o alertar la presencia de estas cookies, pero algunas partes del sitio web no funcionar\u00e1n correctamente.<\/p>\n<p>En el supuesto que en la P\u00e1gina Web se coloquen enlaces o hiperv\u00ednculos que lo redireccione a otros lugares de Internet, que son de propiedad de terceros que utilicen cookies, TECLEMAS no se hace responsable del uso de cookies por parte de dichos terceros.<\/p>\n<p>A continuaci\u00f3n, detallamos las caracter\u00edsticas de cada una de las cookies que utilizamos (colocar el resultado del escaneo):<\/p>\n<p>Cookies<\/p>\n<p>Nombre<\/p>\n<p>Dominio<\/p>\n<p>Descripci\u00f3n<\/p>\n<p>Finalidad<\/p>\n<p>Duraci\u00f3n<\/p><\/div>\n\t\t\t\t<\/div>\n\t\t\t\t\t\t\t<div class=\"elementor-accordion-item\">\n\t\t\t\t\t<div id=\"elementor-tab-title-2545\" class=\"elementor-tab-title\" data-tab=\"5\" role=\"button\" aria-controls=\"elementor-tab-content-2545\" aria-expanded=\"false\">\n\t\t\t\t\t\t\t\t\t\t\t\t\t<span class=\"elementor-accordion-icon elementor-accordion-icon-left\" aria-hidden=\"true\">\n\t\t\t\t\t\t\t\t\t\t\t\t\t\t\t<span class=\"elementor-accordion-icon-closed\"><i class=\"fas fa-plus\"><\/i><\/span>\n\t\t\t\t\t\t\t\t<span class=\"elementor-accordion-icon-opened\"><i class=\"fas fa-minus\"><\/i><\/span>\n\t\t\t\t\t\t\t\t\t\t\t\t\t\t<\/span>\n\t\t\t\t\t\t\t\t\t\t\t\t<a class=\"elementor-accordion-title\" tabindex=\"0\">Restricci\u00f3n y gesti\u00f3n del uso de Cookies<\/a>\n\t\t\t\t\t<\/div>\n\t\t\t\t\t<div id=\"elementor-tab-content-2545\" class=\"elementor-tab-content elementor-clearfix\" data-tab=\"5\" role=\"region\" aria-labelledby=\"elementor-tab-title-2545\"><p><span style=\"font-weight: 400;\">La mayor\u00eda de los navegadores aceptan las cookies de forma autom\u00e1tica, pero le permiten cambiar la configuraci\u00f3n para que las rechace. Sin embargo, esto podr\u00eda afectar negativamente su experiencia de navegaci\u00f3n, ya que <\/span><b>Teclemas<\/b><span style=\"font-weight: 400;\"> solo utiliza cookies necesarias para el correcto funcionamiento del sitio web.<\/span><\/p>\n<p><span style=\"font-weight: 400;\">A continuaci\u00f3n, le proporcionamos informaci\u00f3n sobre c\u00f3mo administrar las cookies en los navegadores m\u00e1s comunes:<\/span><\/p>\n<p>Chrome: <a href=\"https:\/\/support.google.com\/chrome\/bin\/answer.py?hl=es&amp;answer=95647\">Instrucciones\u00a0<\/a><\/p>\n<p>Safari:\u00a0 <a href=\"https:\/\/www.apple.com\/es\/privacy\/use-of-cookies\/\">Instrucciones<\/a><\/p>\n<p>Mozilla Firefox:\u00a0 <a href=\"https:\/\/support.mozilla.org\/es\/kb\/impedir-que-los-sitios-web-guarden-sus-preferencia\">Instruciones<\/a><\/p>\n<p>Opera:\u00a0 <a href=\"https:\/\/help.opera.com\/Windows\/11.50\/es-ES\/cookies.html\">Instrucciones<\/a><\/p>\n<p>Microsoft Edge:\u00a0 <a href=\"https:\/\/support.microsoft.com\/es-es\/topic\/ver-las-cookies-en-microsoft-edge-a7d95376-f2cd-8e4a-25dc-1de753474879\">Instrucciones<\/a><\/p>\n<p>Sin embargo, se advierte que el uso de las cookies nos permite darle una mejor experiencia en nuestros servicios. En caso de realizar modificaciones en la configuraci\u00f3n de las cookies, es posible que su experiencia de navegaci\u00f3n no sea \u00f3ptima.<\/p><\/div>\n\t\t\t\t<\/div>\n\t\t\t\t\t\t\t<div class=\"elementor-accordion-item\">\n\t\t\t\t\t<div id=\"elementor-tab-title-2546\" class=\"elementor-tab-title\" data-tab=\"6\" role=\"button\" aria-controls=\"elementor-tab-content-2546\" aria-expanded=\"false\">\n\t\t\t\t\t\t\t\t\t\t\t\t\t<span class=\"elementor-accordion-icon elementor-accordion-icon-left\" aria-hidden=\"true\">\n\t\t\t\t\t\t\t\t\t\t\t\t\t\t\t<span class=\"elementor-accordion-icon-closed\"><i class=\"fas fa-plus\"><\/i><\/span>\n\t\t\t\t\t\t\t\t<span class=\"elementor-accordion-icon-opened\"><i class=\"fas fa-minus\"><\/i><\/span>\n\t\t\t\t\t\t\t\t\t\t\t\t\t\t<\/span>\n\t\t\t\t\t\t\t\t\t\t\t\t<a class=\"elementor-accordion-title\" tabindex=\"0\">Informaci\u00f3n adicional<\/a>\n\t\t\t\t\t<\/div>\n\t\t\t\t\t<div id=\"elementor-tab-content-2546\" class=\"elementor-tab-content elementor-clearfix\" data-tab=\"6\" role=\"region\" aria-labelledby=\"elementor-tab-title-2546\"><p>La informaci\u00f3n almacenada en las cookies es utilizada exclusivamente por <strong>Teclemas<\/strong>, a excepci\u00f3n de aquellas identificadas como cookies de terceros que son gestionadas por organizaciones externas para mejorar los servicios y la experiencia del usuario.<\/p>\n<p>Para obtener m\u00e1s detalles sobre c\u00f3mo gestionamos sus datos personales, <strong>Teclemas<\/strong> pone a su disposici\u00f3n la <strong>Pol\u00edtica de Privacidad y Protecci\u00f3n de Datos Personales<\/strong> que puede consultar en\u00a0 <a href=\"https:\/\/teclemas.edu.ec\/politica-de-privacidad\/\" target=\"_blank\" rel=\"noopener\">pol\u00edtica de privacidad de Teclemas<\/a>.<\/p>\n<p>Si desea ejercer alguno de sus derechos de acceso, rectificaci\u00f3n, eliminaci\u00f3n, oposici\u00f3n, suspensi\u00f3n o portabilidad de sus datos, puede hacerlo enviando una solicitud a <a href=\"mailto:protecciondedatos@teclemas.edu.ec\">protecciondedatos@teclemas.edu.ec<\/a>.<\/p><\/div>\n\t\t\t\t<\/div>\n\t\t\t\t\t\t\t\t<\/div>\n\t\t\t\t\t\t<\/div>\n\t\t\t\t<\/div>\n\t\t\t\t\t<\/div>\n\t\t<\/div>\n\t\t\t\t\t<\/div>\n\t\t<\/section>\n\t\t\t\t<\/div>\n\t\t","protected":false},"excerpt":{"rendered":"<p>El Instituto Tecnol\u00f3gico Superior TECLEMAS por medio del presente documento describe las cookies y tecnolog\u00edas de almacenamiento que usa en sitios web, dominios y aplicativos,&nbsp;<a href=\"https:\/\/www.teclemas.ec\/inicio\/politica-de-cookies\/\">&hellip;<\/a><\/p>\n","protected":false},"author":4,"featured_media":0,"parent":0,"menu_order":0,"comment_status":"closed","ping_status":"closed","template":"template-fullwidth-no-title.php","meta":{"footnotes":""},"class_list":["post-5132","page","type-page","status-publish","hentry","odd"],"_links":{"self":[{"href":"https:\/\/www.teclemas.ec\/inicio\/wp-json\/wp\/v2\/pages\/5132","targetHints":{"allow":["GET"]}}],"collection":[{"href":"https:\/\/www.teclemas.ec\/inicio\/wp-json\/wp\/v2\/pages"}],"about":[{"href":"https:\/\/www.teclemas.ec\/inicio\/wp-json\/wp\/v2\/types\/page"}],"author":[{"embeddable":true,"href":"https:\/\/www.teclemas.ec\/inicio\/wp-json\/wp\/v2\/users\/4"}],"replies":[{"embeddable":true,"href":"https:\/\/www.teclemas.ec\/inicio\/wp-json\/wp\/v2\/comments?post=5132"}],"version-history":[{"count":0,"href":"https:\/\/www.teclemas.ec\/inicio\/wp-json\/wp\/v2\/pages\/5132\/revisions"}],"wp:attachment":[{"href":"https:\/\/www.teclemas.ec\/inicio\/wp-json\/wp\/v2\/media?parent=5132"}],"curies":[{"name":"wp","href":"https:\/\/api.w.org\/{rel}","templated":true}]}}