{"id":5045,"date":"2024-09-12T08:11:26","date_gmt":"2024-09-12T13:11:26","guid":{"rendered":"https:\/\/teclemas.edu.ec\/?page_id=5045"},"modified":"2024-09-12T08:11:26","modified_gmt":"2024-09-12T13:11:26","slug":"libro-construyendo-conexiones","status":"publish","type":"page","link":"https:\/\/www.teclemas.ec\/inicio\/libro-construyendo-conexiones\/","title":{"rendered":"Libro Construyendo conexiones"},"content":{"rendered":"\t\t<div data-elementor-type=\"wp-page\" data-elementor-id=\"5045\" class=\"elementor elementor-5045\">\n\t\t\t\t\t\t<section class=\"elementor-section elementor-top-section elementor-element elementor-element-ade37e7 elementor-section-stretched elementor-section-boxed elementor-section-height-default elementor-section-height-default\" data-id=\"ade37e7\" data-element_type=\"section\" data-settings=\"{&quot;stretch_section&quot;:&quot;section-stretched&quot;}\">\n\t\t\t\t\t\t\t<div class=\"elementor-background-overlay\"><\/div>\n\t\t\t\t\t\t\t<div class=\"elementor-container elementor-column-gap-default\">\n\t\t\t\t\t<div class=\"elementor-column elementor-col-33 elementor-top-column elementor-element elementor-element-f7ff27f\" data-id=\"f7ff27f\" data-element_type=\"column\">\n\t\t\t<div class=\"elementor-widget-wrap elementor-element-populated\">\n\t\t\t\t\t\t\t<\/div>\n\t\t<\/div>\n\t\t\t\t<div class=\"elementor-column elementor-col-66 elementor-top-column elementor-element elementor-element-71c8f485\" data-id=\"71c8f485\" data-element_type=\"column\">\n\t\t\t<div class=\"elementor-widget-wrap\">\n\t\t\t\t\t\t\t<\/div>\n\t\t<\/div>\n\t\t\t\t\t<\/div>\n\t\t<\/section>\n\t\t\t\t<section class=\"elementor-section elementor-top-section elementor-element elementor-element-50b64975 elementor-section-boxed elementor-section-height-default elementor-section-height-default\" data-id=\"50b64975\" data-element_type=\"section\" data-settings=\"{&quot;background_background&quot;:&quot;classic&quot;}\">\n\t\t\t\t\t\t<div class=\"elementor-container elementor-column-gap-default\">\n\t\t\t\t\t<div class=\"elementor-column elementor-col-100 elementor-top-column elementor-element elementor-element-42bb8b5d\" data-id=\"42bb8b5d\" data-element_type=\"column\">\n\t\t\t<div class=\"elementor-widget-wrap elementor-element-populated\">\n\t\t\t\t\t\t<div class=\"elementor-element elementor-element-7cfe7acb elementor-widget elementor-widget-heading\" data-id=\"7cfe7acb\" data-element_type=\"widget\" data-widget_type=\"heading.default\">\n\t\t\t\t<div class=\"elementor-widget-container\">\n\t\t\t\t\t<h2 class=\"elementor-heading-title elementor-size-default\">Libro \"Construyendo conexiones\"<\/h2>\t\t\t\t<\/div>\n\t\t\t\t<\/div>\n\t\t\t\t\t<\/div>\n\t\t<\/div>\n\t\t\t\t\t<\/div>\n\t\t<\/section>\n\t\t\t\t<section class=\"elementor-section elementor-top-section elementor-element elementor-element-0dd95ca elementor-section-boxed elementor-section-height-default elementor-section-height-default\" data-id=\"0dd95ca\" data-element_type=\"section\">\n\t\t\t\t\t\t<div class=\"elementor-container elementor-column-gap-default\">\n\t\t\t\t\t<div class=\"elementor-column elementor-col-100 elementor-top-column elementor-element elementor-element-1d30006\" data-id=\"1d30006\" data-element_type=\"column\">\n\t\t\t<div class=\"elementor-widget-wrap elementor-element-populated\">\n\t\t\t\t\t\t<div class=\"elementor-element elementor-element-57e2cce eael-gravity-form-button-custom elementor-widget elementor-widget-eael-gravity-form\" data-id=\"57e2cce\" data-element_type=\"widget\" data-widget_type=\"eael-gravity-form.default\">\n\t\t\t\t<div class=\"elementor-widget-container\">\n\t\t\t\t\t\t\t\t<div class=\"eael-contact-form eael-gravity-form eael-contact-form-align-default\">\n\t\t        <script type=\"text\/javascript\">\n\/* <![CDATA[ *\/\nvar gform;gform||(document.addEventListener(\"gform_main_scripts_loaded\",function(){gform.scriptsLoaded=!0}),document.addEventListener(\"gform\/theme\/scripts_loaded\",function(){gform.themeScriptsLoaded=!0}),window.addEventListener(\"DOMContentLoaded\",function(){gform.domLoaded=!0}),gform={domLoaded:!1,scriptsLoaded:!1,themeScriptsLoaded:!1,isFormEditor:()=>\"function\"==typeof InitializeEditor,callIfLoaded:function(o){return!(!gform.domLoaded||!gform.scriptsLoaded||!gform.themeScriptsLoaded&&!gform.isFormEditor()||(gform.isFormEditor()&&console.warn(\"The use of gform.initializeOnLoaded() is deprecated in the form editor context and will be removed in Gravity Forms 3.1.\"),o(),0))},initializeOnLoaded:function(o){gform.callIfLoaded(o)||(document.addEventListener(\"gform_main_scripts_loaded\",()=>{gform.scriptsLoaded=!0,gform.callIfLoaded(o)}),document.addEventListener(\"gform\/theme\/scripts_loaded\",()=>{gform.themeScriptsLoaded=!0,gform.callIfLoaded(o)}),window.addEventListener(\"DOMContentLoaded\",()=>{gform.domLoaded=!0,gform.callIfLoaded(o)}))},hooks:{action:{},filter:{}},addAction:function(o,r,e,t){gform.addHook(\"action\",o,r,e,t)},addFilter:function(o,r,e,t){gform.addHook(\"filter\",o,r,e,t)},doAction:function(o){gform.doHook(\"action\",o,arguments)},applyFilters:function(o){return gform.doHook(\"filter\",o,arguments)},removeAction:function(o,r){gform.removeHook(\"action\",o,r)},removeFilter:function(o,r,e){gform.removeHook(\"filter\",o,r,e)},addHook:function(o,r,e,t,n){null==gform.hooks[o][r]&&(gform.hooks[o][r]=[]);var d=gform.hooks[o][r];null==n&&(n=r+\"_\"+d.length),gform.hooks[o][r].push({tag:n,callable:e,priority:t=null==t?10:t})},doHook:function(r,o,e){var t;if(e=Array.prototype.slice.call(e,1),null!=gform.hooks[r][o]&&((o=gform.hooks[r][o]).sort(function(o,r){return o.priority-r.priority}),o.forEach(function(o){\"function\"!=typeof(t=o.callable)&&(t=window[t]),\"action\"==r?t.apply(null,e):e[0]=t.apply(null,e)})),\"filter\"==r)return e[0]},removeHook:function(o,r,t,n){var e;null!=gform.hooks[o][r]&&(e=(e=gform.hooks[o][r]).filter(function(o,r,e){return!!(null!=n&&n!=o.tag||null!=t&&t!=o.priority)}),gform.hooks[o][r]=e)}});\n\/* ]]> *\/\n<\/script>\n\n                <div class='gf_browser_gecko gform_wrapper gravity-theme gform-theme--no-framework' data-form-theme='gravity-theme' data-form-index='0' id='gform_wrapper_8' >\n                        <div class='gform_heading'>\n                            <h2 class=\"gform_title\">Solicitud de adquisici\u00f3n del Libro \"Construyendo conexiones\"<\/h2>\n\t\t\t\t\t\t\t<p class='gform_required_legend'>&quot;<span class=\"gfield_required gfield_required_asterisk\">*<\/span>&quot; se\u00f1ala los campos obligatorios<\/p>\n                        <\/div><form method='post' enctype='multipart\/form-data'  id='gform_8'  action='\/inicio\/wp-json\/wp\/v2\/pages\/5045' data-formid='8' novalidate>\n                        <div class='gform-body gform_body'><div id='gform_fields_8' class='gform_fields top_label form_sublabel_below description_above validation_below'><div id=\"field_8_20\" class=\"gfield gfield--type-section gsection field_sublabel_below gfield--has-description field_description_above field_validation_below gfield_visibility_visible\"  ><h3 class=\"gsection_title\">Informaci\u00f3n importante<\/h3><div class='gsection_description' id='gfield_description_8_20'><p>Gracias por tu inter\u00e9s en el libro \"Construyendo conexiones\"!<\/p>\n<p>Favor revisa esta informaci\u00f3n importante:<\/p>\n<ul>\n<li>Proceso v\u00e1lido <b>solamente para residentes de Ecuador<\/b><\/li>\n\n<li><b>El Valor del libro incluyendo el env\u00edo es de $ 20 d\u00f3lares americanos<\/b><\/li>\n\n<\/ul>\n<p>Por favor, completa la informaci\u00f3n a continuaci\u00f3n para que podamos brindarte el mejor servicio posible.<\/p><br>\n<\/div><\/div><div id=\"field_8_7\" class=\"gfield gfield--type-section gsection field_sublabel_below gfield--no-description field_description_above field_validation_below gfield_visibility_visible\"  ><h3 class=\"gsection_title\">Informaci\u00f3n del Cliente \/ Facturaci\u00f3n<\/h3><\/div><div id=\"field_8_35\" class=\"gfield gfield--type-text gfield--width-half gfield_contains_required field_sublabel_below gfield--no-description field_description_above field_validation_below gfield_visibility_visible\"  ><label class='gfield_label gform-field-label' for='input_8_35'>Nombres<span class=\"gfield_required\"><span class=\"gfield_required gfield_required_asterisk\">*<\/span><\/span><\/label><div class='ginput_container ginput_container_text'><input name='input_35' id='input_8_35' type='text' value='' class='large'     aria-required=\"true\" aria-invalid=\"false\"   \/><\/div><\/div><div id=\"field_8_36\" class=\"gfield gfield--type-text gfield--width-half gfield_contains_required field_sublabel_below gfield--no-description field_description_above field_validation_below gfield_visibility_visible\"  ><label class='gfield_label gform-field-label' for='input_8_36'>Apellidos<span class=\"gfield_required\"><span class=\"gfield_required gfield_required_asterisk\">*<\/span><\/span><\/label><div class='ginput_container ginput_container_text'><input name='input_36' id='input_8_36' type='text' value='' class='large'     aria-required=\"true\" aria-invalid=\"false\"   \/><\/div><\/div><div id=\"field_8_22\" class=\"gfield gfield--type-text gfield--width-half gfield_contains_required field_sublabel_below gfield--no-description field_description_above field_validation_below gfield_visibility_visible\"  ><label class='gfield_label gform-field-label' for='input_8_22'>N\u00famero de Identificaci\u00f3n C\u00e9dula \/ RUC<span class=\"gfield_required\"><span class=\"gfield_required gfield_required_asterisk\">*<\/span><\/span><\/label><div class='ginput_container ginput_container_text'><input name='input_22' id='input_8_22' type='text' value='' class='small'     aria-required=\"true\" aria-invalid=\"false\"   \/><\/div><\/div><div id=\"field_8_24\" class=\"gfield gfield--type-text gfield--width-half gfield_contains_required field_sublabel_below gfield--no-description field_description_above field_validation_below gfield_visibility_visible\"  ><label class='gfield_label gform-field-label' for='input_8_24'>Numero celular para contacto<span class=\"gfield_required\"><span class=\"gfield_required gfield_required_asterisk\">*<\/span><\/span><\/label><div class='ginput_container ginput_container_text'><input name='input_24' id='input_8_24' type='text' value='' class='small'     aria-required=\"true\" aria-invalid=\"false\"   \/><\/div><\/div><fieldset id=\"field_8_2\" class=\"gfield gfield--type-email gfield--width-full gfield_contains_required field_sublabel_below gfield--no-description field_description_above field_validation_below gfield_visibility_visible\"  ><legend class='gfield_label gform-field-label' >Correo Electr\u00f3nico<span class=\"gfield_required\"><span class=\"gfield_required gfield_required_asterisk\">*<\/span><\/span><\/legend><div class='ginput_complex ginput_container ginput_container_email gform-grid-row' id='input_8_2_container'>\n                                <span id='input_8_2_1_container' class='ginput_left gform-grid-col gform-grid-col--size-auto'>\n                                    <input class='' type='email' name='input_2' id='input_8_2' value=''    aria-required=\"true\" aria-invalid=\"false\"  \/>\n                                    <label for='input_8_2' class='gform-field-label gform-field-label--type-sub '>Introduce un email<\/label>\n                                <\/span>\n                                <span id='input_8_2_2_container' class='ginput_right gform-grid-col gform-grid-col--size-auto'>\n                                    <input class='' type='email' name='input_2_2' id='input_8_2_2' value=''    aria-required=\"true\" aria-invalid=\"false\"  \/>\n                                    <label for='input_8_2_2' class='gform-field-label gform-field-label--type-sub '>Confirmar email<\/label>\n                                <\/span>\n                                <div class='gf_clear gf_clear_complex'><\/div>\n                            <\/div><\/fieldset><div id=\"field_8_37\" class=\"gfield gfield--type-text gfield--width-full gfield_contains_required field_sublabel_below gfield--no-description field_description_above field_validation_below gfield_visibility_visible\"  ><label class='gfield_label gform-field-label' for='input_8_37'>Direcci\u00f3n de residencia<span class=\"gfield_required\"><span class=\"gfield_required gfield_required_asterisk\">*<\/span><\/span><\/label><div class='ginput_container ginput_container_text'><input name='input_37' id='input_8_37' type='text' value='' class='large'    placeholder='Direcci\u00f3n d\u00f3nde reside' aria-required=\"true\" aria-invalid=\"false\"   \/><\/div><\/div><div id=\"field_8_43\" class=\"gfield gfield--type-text gfield--width-full gfield_contains_required field_sublabel_below gfield--no-description field_description_above field_validation_below gfield_visibility_visible\"  ><label class='gfield_label gform-field-label' for='input_8_43'>Direcci\u00f3n de entrega<span class=\"gfield_required\"><span class=\"gfield_required gfield_required_asterisk\">*<\/span><\/span><\/label><div class='ginput_container ginput_container_text'><input name='input_43' id='input_8_43' type='text' value='' class='large'    placeholder='Direcci\u00f3n de entrega del libro' aria-required=\"true\" aria-invalid=\"false\"   \/><\/div><\/div><div id=\"field_8_41\" class=\"gfield gfield--type-section gsection field_sublabel_below gfield--no-description field_description_above field_validation_below gfield_visibility_visible\"  ><h3 class=\"gsection_title\">Forma de pago<\/h3><\/div><div id=\"field_8_40\" class=\"gfield gfield--type-select gfield--width-full gfield_contains_required field_sublabel_below gfield--no-description field_description_above field_validation_below gfield_visibility_visible\"  ><label class='gfield_label gform-field-label' for='input_8_40'>Forma de Pago<span class=\"gfield_required\"><span class=\"gfield_required gfield_required_asterisk\">*<\/span><\/span><\/label><div class='ginput_container ginput_container_select'><select name='input_40' id='input_8_40' class='large gfield_select'    aria-required=\"true\" aria-invalid=\"false\" ><option value='Transferencia Bancaria' >Transferencia Bancaria<\/option><option value='Tarjeta de cr\u00e9dito' >Tarjeta de cr\u00e9dito<\/option><\/select><\/div><\/div><div id=\"field_8_17\" class=\"gfield gfield--type-section gsection field_sublabel_below gfield--no-description field_description_above field_validation_below gfield_visibility_visible\"  ><h3 class=\"gsection_title\">Condiciones de compra<\/h3><\/div><fieldset id=\"field_8_18\" class=\"gfield gfield--type-consent gfield--type-choice gfield_contains_required field_sublabel_below gfield--has-description field_description_above field_validation_below gfield_visibility_visible\"  ><legend class='gfield_label gform-field-label gfield_label_before_complex' >T\u00e9rminos y Condiciones<span class=\"gfield_required\"><span class=\"gfield_required gfield_required_asterisk\">*<\/span><\/span><\/legend><div class='gfield_description gfield_consent_description' id='gfield_consent_description_8_18' tabindex='0'><p>* El valor pagado por el libro no es reembolsable .<\/p><br \/>\n<p>* La entrega del libro se gestionar\u00e1 luego del pago del valor correspondiente. puede realizarlo por:<br \/>\n<ul><br \/>\n<li> Pago en l\u00ednea con tarjeta de cr\u00e9dito<\/li><li>Transferencia bancaria<\/li><br \/>\n<\/ul><br \/>\n<b><u>Para pago con tarjeta de cr\u00e9dito (VISA o MASTERCARD):<\/u><\/b><br \/>\n<p>Luego de ingresar los datos en el formulario, en la pantalla de confirmaci\u00f3n presionar el bot\u00f3n pagar con Tarjeta de cr\u00e9dito. <br>La opci\u00f3n tambien est\u00e1 disponible en el email de confirmaci\u00f3n de  solicitud de compra.<\/p><br \/>\n<b><u>Para transferencias o dep\u00f3sitos deber\u00e1 hacerlo a:<\/u><\/b><br><br \/>\nCuenta bancaria  TECLEMAS <br><br \/>\nTipo: CORRIENTE<br><br \/>\nBanco:  Banco Bolivariano<br><br \/>\nN\u00famero: 0005320866<br><br \/>\nRuc: 0993237264001<br><br \/>\n<p>* Una vez realizado dep\u00f3sito o transferencia, se env\u00eda el comprobante al correo: financiero@teclemas.edu.ec y\/o por whatsapp al n\u00famero 0991945927,<strong> debe indicar: nombre completo y Programa al que se inscriben.<\/strong> <\/p><br \/>\n<br><\/div><div class='ginput_container ginput_container_consent'><input name='input_18.1' id='input_8_18_1' type='checkbox' value='1'  aria-describedby=\"gfield_consent_description_8_18\" aria-required=\"true\" aria-invalid=\"false\"   \/> <label class=\"gform-field-label gform-field-label--type-inline gfield_consent_label\" for='input_8_18_1' >Acepto<\/label><input type='hidden' name='input_18.2' value='Acepto' class='gform_hidden' \/><input type='hidden' name='input_18.3' value='7' class='gform_hidden' \/><\/div><\/fieldset><div id=\"field_8_32\" class=\"gfield gfield--type-captcha gfield--width-full field_sublabel_below gfield--no-description field_description_above field_validation_below gfield_visibility_visible\"  ><label class='gfield_label gform-field-label' for='input_8_32'>CAPTCHA<\/label><div id='input_8_32' class='ginput_container ginput_recaptcha' data-sitekey=''  data-theme='light' data-tabindex='0'  data-badge=''><\/div><\/div><\/div><\/div>\n        <div class='gform-footer gform_footer top_label'> <input type='submit' id='gform_submit_button_8' class='gform_button button' onclick='gform.submission.handleButtonClick(this);' data-submission-type='submit' value='Enviar'  \/> \n            <input type='hidden' class='gform_hidden' name='gform_submission_method' data-js='gform_submission_method_8' value='postback' \/>\n            <input type='hidden' class='gform_hidden' name='gform_theme' data-js='gform_theme_8' id='gform_theme_8' value='gravity-theme' \/>\n            <input type='hidden' class='gform_hidden' name='gform_style_settings' data-js='gform_style_settings_8' id='gform_style_settings_8' value='' \/>\n            <input type='hidden' class='gform_hidden' name='is_submit_8' value='1' \/>\n            <input type='hidden' class='gform_hidden' name='gform_submit' value='8' \/>\n            \n            <input type='hidden' class='gform_hidden' name='gform_unique_id' value='' \/>\n            <input type='hidden' class='gform_hidden' name='state_8' value='WyJ7XCIxOC4xXCI6XCJmNGQ4NmRhZmJjM2ZiZDUxNDUxNzViYjBlYjI1M2VhNlwiLFwiMTguMlwiOlwiM2YyNjc1YWE1YWE4YTc5ZGM1NzQ2ZjE3OTZhZmU0ZTRcIixcIjE4LjNcIjpcIjNjMjA0ZDM4ZmYwMzZjZjg3NjgxNWM5ZTZlMGI0MjVjXCJ9IiwiOTBmZDAxMjE5MDNiODNlMzA4NTk0ODVjMzc2YWI3ZWYiXQ==' \/>\n            <input type='hidden' autocomplete='off' class='gform_hidden' name='gform_target_page_number_8' id='gform_target_page_number_8' value='0' \/>\n            <input type='hidden' autocomplete='off' class='gform_hidden' name='gform_source_page_number_8' id='gform_source_page_number_8' value='1' \/>\n            <input type='hidden' name='gform_field_values' value='' \/>\n            \n        <\/div>\n                        <\/form>\n                        <\/div><script type=\"text\/javascript\">\n\/* <![CDATA[ *\/\n gform.initializeOnLoaded( function() {gformInitSpinner( 8, 'https:\/\/www.teclemas.ec\/inicio\/wp-content\/plugins\/gravityforms\/images\/spinner.svg', true );jQuery('#gform_ajax_frame_8').on('load',function(){var contents = jQuery(this).contents().find('*').html();var is_postback = contents.indexOf('GF_AJAX_POSTBACK') >= 0;if(!is_postback){return;}var form_content = jQuery(this).contents().find('#gform_wrapper_8');var is_confirmation = jQuery(this).contents().find('#gform_confirmation_wrapper_8').length > 0;var is_redirect = contents.indexOf('gformRedirect(){') >= 0;var is_form = form_content.length > 0 && ! is_redirect && ! is_confirmation;var mt = parseInt(jQuery('html').css('margin-top'), 10) + parseInt(jQuery('body').css('margin-top'), 10) + 100;if(is_form){jQuery('#gform_wrapper_8').html(form_content.html());if(form_content.hasClass('gform_validation_error')){jQuery('#gform_wrapper_8').addClass('gform_validation_error');} else {jQuery('#gform_wrapper_8').removeClass('gform_validation_error');}setTimeout( function() { \/* delay the scroll by 50 milliseconds to fix a bug in chrome *\/  }, 50 );if(window['gformInitDatepicker']) {gformInitDatepicker();}if(window['gformInitPriceFields']) {gformInitPriceFields();}var current_page = jQuery('#gform_source_page_number_8').val();gformInitSpinner( 8, 'https:\/\/www.teclemas.ec\/inicio\/wp-content\/plugins\/gravityforms\/images\/spinner.svg', true );jQuery(document).trigger('gform_page_loaded', [8, current_page]);window['gf_submitting_8'] = false;}else if(!is_redirect){var confirmation_content = jQuery(this).contents().find('.GF_AJAX_POSTBACK').html();if(!confirmation_content){confirmation_content = contents;}jQuery('#gform_wrapper_8').replaceWith(confirmation_content);jQuery(document).trigger('gform_confirmation_loaded', [8]);window['gf_submitting_8'] = false;wp.a11y.speak(jQuery('#gform_confirmation_message_8').text());}else{jQuery('#gform_8').append(contents);if(window['gformRedirect']) {gformRedirect();}}jQuery(document).trigger(\"gform_pre_post_render\", [{ formId: \"8\", currentPage: \"current_page\", abort: function() { this.preventDefault(); } }]);        if (event && event.defaultPrevented) {                return;        }        const gformWrapperDiv = document.getElementById( \"gform_wrapper_8\" );        if ( gformWrapperDiv ) {            const visibilitySpan = document.createElement( \"span\" );            visibilitySpan.id = \"gform_visibility_test_8\";            gformWrapperDiv.insertAdjacentElement( \"afterend\", visibilitySpan );        }        const visibilityTestDiv = document.getElementById( \"gform_visibility_test_8\" );        let postRenderFired = false;        function triggerPostRender() {            if ( postRenderFired ) {                return;            }            postRenderFired = true;            gform.core.triggerPostRenderEvents( 8, current_page );            if ( visibilityTestDiv ) {                visibilityTestDiv.parentNode.removeChild( visibilityTestDiv );            }        }        function debounce( func, wait, immediate ) {            var timeout;            return function() {                var context = this, args = arguments;                var later = function() {                    timeout = null;                    if ( !immediate ) func.apply( context, args );                };                var callNow = immediate && !timeout;                clearTimeout( timeout );                timeout = setTimeout( later, wait );                if ( callNow ) func.apply( context, args );            };        }        const debouncedTriggerPostRender = debounce( function() {            triggerPostRender();        }, 200 );        if ( visibilityTestDiv && visibilityTestDiv.offsetParent === null ) {            const observer = new MutationObserver( ( mutations ) => {                mutations.forEach( ( mutation ) => {                    if ( mutation.type === 'attributes' && visibilityTestDiv.offsetParent !== null ) {                        debouncedTriggerPostRender();                        observer.disconnect();                    }                });            });            observer.observe( document.body, {                attributes: true,                childList: false,                subtree: true,                attributeFilter: [ 'style', 'class' ],            });        } else {            triggerPostRender();        }    } );} ); \n\/* ]]> *\/\n<\/script>\n\t\t\t<\/div>\n            \t\t\t\t<\/div>\n\t\t\t\t<\/div>\n\t\t\t\t\t<\/div>\n\t\t<\/div>\n\t\t\t\t\t<\/div>\n\t\t<\/section>\n\t\t\t\t<\/div>\n\t\t","protected":false},"excerpt":{"rendered":"<p>Libro &#8220;Construyendo conexiones&#8221; Solicitud de adquisici\u00f3n del Libro &#8220;Construyendo conexiones&#8221; &quot;*&quot; indicates required fields Informaci\u00f3n importante Gracias por tu inter\u00e9s en el libro &#8220;Construyendo conexiones&#8221;!&nbsp;<a href=\"https:\/\/www.teclemas.ec\/inicio\/libro-construyendo-conexiones\/\">&hellip;<\/a><\/p>\n","protected":false},"author":4,"featured_media":0,"parent":0,"menu_order":0,"comment_status":"closed","ping_status":"closed","template":"template-fullwidth-no-title.php","meta":{"footnotes":""},"class_list":["post-5045","page","type-page","status-publish","hentry","odd"],"_links":{"self":[{"href":"https:\/\/www.teclemas.ec\/inicio\/wp-json\/wp\/v2\/pages\/5045","targetHints":{"allow":["GET"]}}],"collection":[{"href":"https:\/\/www.teclemas.ec\/inicio\/wp-json\/wp\/v2\/pages"}],"about":[{"href":"https:\/\/www.teclemas.ec\/inicio\/wp-json\/wp\/v2\/types\/page"}],"author":[{"embeddable":true,"href":"https:\/\/www.teclemas.ec\/inicio\/wp-json\/wp\/v2\/users\/4"}],"replies":[{"embeddable":true,"href":"https:\/\/www.teclemas.ec\/inicio\/wp-json\/wp\/v2\/comments?post=5045"}],"version-history":[{"count":0,"href":"https:\/\/www.teclemas.ec\/inicio\/wp-json\/wp\/v2\/pages\/5045\/revisions"}],"wp:attachment":[{"href":"https:\/\/www.teclemas.ec\/inicio\/wp-json\/wp\/v2\/media?parent=5045"}],"curies":[{"name":"wp","href":"https:\/\/api.w.org\/{rel}","templated":true}]}}