{"id":3106,"date":"2022-07-01T07:43:25","date_gmt":"2022-07-01T12:43:25","guid":{"rendered":"https:\/\/web.teclemas.edu.ec\/?page_id=3106"},"modified":"2022-07-01T07:43:25","modified_gmt":"2022-07-01T12:43:25","slug":"investigacion","status":"publish","type":"page","link":"https:\/\/www.teclemas.ec\/inicio\/investigacion\/","title":{"rendered":"Investigaci\u00f3n"},"content":{"rendered":"\t\t<div data-elementor-type=\"wp-page\" data-elementor-id=\"3106\" class=\"elementor elementor-3106\">\n\t\t\t\t\t\t<section class=\"elementor-section elementor-top-section elementor-element elementor-element-402942eb elementor-section-stretched elementor-section-boxed elementor-section-height-default elementor-section-height-default\" data-id=\"402942eb\" data-element_type=\"section\" data-settings=\"{&quot;background_background&quot;:&quot;classic&quot;,&quot;stretch_section&quot;:&quot;section-stretched&quot;}\">\n\t\t\t\t\t\t\t<div class=\"elementor-background-overlay\"><\/div>\n\t\t\t\t\t\t\t<div class=\"elementor-container elementor-column-gap-default\">\n\t\t\t\t\t<div class=\"elementor-column elementor-col-50 elementor-top-column elementor-element elementor-element-49085e6f\" data-id=\"49085e6f\" data-element_type=\"column\" data-settings=\"{&quot;background_background&quot;:&quot;classic&quot;}\">\n\t\t\t<div class=\"elementor-widget-wrap elementor-element-populated\">\n\t\t\t\t\t\t<div class=\"elementor-element elementor-element-3dc94bff elementor-widget elementor-widget-heading\" data-id=\"3dc94bff\" data-element_type=\"widget\" data-widget_type=\"heading.default\">\n\t\t\t\t<div class=\"elementor-widget-container\">\n\t\t\t\t\t<h2 class=\"elementor-heading-title elementor-size-default\">Investigaci\u00f3n<\/h2>\t\t\t\t<\/div>\n\t\t\t\t<\/div>\n\t\t\t\t<div class=\"elementor-element elementor-element-5d2ca55d elementor-view-default elementor-widget elementor-widget-icon\" data-id=\"5d2ca55d\" data-element_type=\"widget\" data-widget_type=\"icon.default\">\n\t\t\t\t<div class=\"elementor-widget-container\">\n\t\t\t\t\t\t\t<div class=\"elementor-icon-wrapper\">\n\t\t\t<div class=\"elementor-icon\">\n\t\t\t<i aria-hidden=\"true\" class=\"fas fa-caret-down\"><\/i>\t\t\t<\/div>\n\t\t<\/div>\n\t\t\t\t\t\t<\/div>\n\t\t\t\t<\/div>\n\t\t\t\t\t<\/div>\n\t\t<\/div>\n\t\t\t\t<div class=\"elementor-column elementor-col-50 elementor-top-column elementor-element elementor-element-71d16c46\" data-id=\"71d16c46\" data-element_type=\"column\">\n\t\t\t<div class=\"elementor-widget-wrap\">\n\t\t\t\t\t\t\t<\/div>\n\t\t<\/div>\n\t\t\t\t\t<\/div>\n\t\t<\/section>\n\t\t\t\t<section class=\"elementor-section elementor-top-section elementor-element elementor-element-5ac19974 elementor-section-boxed elementor-section-height-default elementor-section-height-default\" data-id=\"5ac19974\" data-element_type=\"section\">\n\t\t\t\t\t\t<div class=\"elementor-container elementor-column-gap-default\">\n\t\t\t\t\t<div class=\"elementor-column elementor-col-100 elementor-top-column elementor-element elementor-element-6a98b73b\" data-id=\"6a98b73b\" data-element_type=\"column\">\n\t\t\t<div class=\"elementor-widget-wrap elementor-element-populated\">\n\t\t\t\t\t\t<div class=\"elementor-element elementor-element-3d551d00 elementor-position-left elementor-view-default elementor-mobile-position-top elementor-vertical-align-top elementor-widget elementor-widget-icon-box\" data-id=\"3d551d00\" data-element_type=\"widget\" data-widget_type=\"icon-box.default\">\n\t\t\t\t<div class=\"elementor-widget-container\">\n\t\t\t\t\t\t\t<div class=\"elementor-icon-box-wrapper\">\n\n\t\t\t\t\t\t<div class=\"elementor-icon-box-icon\">\n\t\t\t\t<span  class=\"elementor-icon\">\n\t\t\t\t\t\t\t\t<\/span>\n\t\t\t<\/div>\n\t\t\t\n\t\t\t\t\t\t<div class=\"elementor-icon-box-content\">\n\n\t\t\t\t\t\t\t\t\t<h3 class=\"elementor-icon-box-title\">\n\t\t\t\t\t\t<span  >\n\t\t\t\t\t\t\tObjetivo\t\t\t\t\t\t<\/span>\n\t\t\t\t\t<\/h3>\n\t\t\t\t\n\t\t\t\t\t\t\t\t\t<p class=\"elementor-icon-box-description\">\n\t\t\t\t\t\t<center>Aportar en la generaci\u00f3n de conocimiento para proporcionar a la sociedad los frutos del proceso de investigaci\u00f3n institucional que impacten su desarrollo.<\/center>\t\t\t\t\t<\/p>\n\t\t\t\t\n\t\t\t<\/div>\n\t\t\t\n\t\t<\/div>\n\t\t\t\t\t\t<\/div>\n\t\t\t\t<\/div>\n\t\t\t\t\t<\/div>\n\t\t<\/div>\n\t\t\t\t\t<\/div>\n\t\t<\/section>\n\t\t\t\t<section class=\"elementor-section elementor-top-section elementor-element elementor-element-6d58c34b elementor-section-boxed elementor-section-height-default elementor-section-height-default\" data-id=\"6d58c34b\" data-element_type=\"section\">\n\t\t\t\t\t\t<div class=\"elementor-container elementor-column-gap-default\">\n\t\t\t\t\t<div class=\"elementor-column elementor-col-100 elementor-top-column elementor-element elementor-element-1adac45a\" data-id=\"1adac45a\" data-element_type=\"column\">\n\t\t\t<div class=\"elementor-widget-wrap elementor-element-populated\">\n\t\t\t\t\t\t<div class=\"elementor-element elementor-element-1de9e5b1 elementor-widget elementor-widget-heading\" data-id=\"1de9e5b1\" data-element_type=\"widget\" data-widget_type=\"heading.default\">\n\t\t\t\t<div class=\"elementor-widget-container\">\n\t\t\t\t\t<h4 class=\"elementor-heading-title elementor-size-default\">Descripci\u00f3n<\/h4>\t\t\t\t<\/div>\n\t\t\t\t<\/div>\n\t\t\t\t<div class=\"elementor-element elementor-element-2c61a5a5 elementor-widget elementor-widget-text-editor\" data-id=\"2c61a5a5\" data-element_type=\"widget\" data-widget_type=\"text-editor.default\">\n\t\t\t\t<div class=\"elementor-widget-container\">\n\t\t\t\t\t\t\t\t\t<p>El cuerpo docente de TecLemas recibe capacitaci\u00f3n especializada que se revertir\u00e1 en publicaciones indexadas.<\/p><p>Los graduandos realizan un Trabajo de Integraci\u00f3n Curricular (TIC) relacionado con las diferentes carreras de la instituci\u00f3n. Estos trabajos son tutoreados por expertos; al finalizar el proceso de graduaci\u00f3n, los TIC son publicados en el repositorio institucional DSapace.<\/p>\t\t\t\t\t\t\t\t<\/div>\n\t\t\t\t<\/div>\n\t\t\t\t<div class=\"elementor-element elementor-element-7d4656c8 elementor-widget elementor-widget-heading\" data-id=\"7d4656c8\" data-element_type=\"widget\" data-widget_type=\"heading.default\">\n\t\t\t\t<div class=\"elementor-widget-container\">\n\t\t\t\t\t<h4 class=\"elementor-heading-title elementor-size-default\">Sustento Legal<\/h4>\t\t\t\t<\/div>\n\t\t\t\t<\/div>\n\t\t\t\t<div class=\"elementor-element elementor-element-2111ddab elementor-widget elementor-widget-text-editor\" data-id=\"2111ddab\" data-element_type=\"widget\" data-widget_type=\"text-editor.default\">\n\t\t\t\t<div class=\"elementor-widget-container\">\n\t\t\t\t\t\t\t\t\t<p>Estatuto TecLemas, Art. 55, 56, 91 y 114, en coherencia a la LOES, al R\u00e9gimen Acad\u00e9mico y al Modelo de Acreditaci\u00f3n Institucional.<\/p>\t\t\t\t\t\t\t\t<\/div>\n\t\t\t\t<\/div>\n\t\t\t\t<div class=\"elementor-element elementor-element-3147a7f0 elementor-widget elementor-widget-accordion\" data-id=\"3147a7f0\" data-element_type=\"widget\" data-widget_type=\"accordion.default\">\n\t\t\t\t<div class=\"elementor-widget-container\">\n\t\t\t\t\t\t\t<div class=\"elementor-accordion\">\n\t\t\t\t\t\t\t<div class=\"elementor-accordion-item\">\n\t\t\t\t\t<div id=\"elementor-tab-title-8261\" class=\"elementor-tab-title\" data-tab=\"1\" role=\"button\" aria-controls=\"elementor-tab-content-8261\" aria-expanded=\"false\">\n\t\t\t\t\t\t\t\t\t\t\t\t\t<span class=\"elementor-accordion-icon elementor-accordion-icon-left\" aria-hidden=\"true\">\n\t\t\t\t\t\t\t\t\t\t\t\t\t\t\t<span class=\"elementor-accordion-icon-closed\"><i class=\"fas fa-plus\"><\/i><\/span>\n\t\t\t\t\t\t\t\t<span class=\"elementor-accordion-icon-opened\"><i class=\"fas fa-minus\"><\/i><\/span>\n\t\t\t\t\t\t\t\t\t\t\t\t\t\t<\/span>\n\t\t\t\t\t\t\t\t\t\t\t\t<a class=\"elementor-accordion-title\" tabindex=\"0\">Art. 55. Unidad de Investigaci\u00f3n, Desarrollo Tecnol\u00f3gico e Innovaci\u00f3n.<\/a>\n\t\t\t\t\t<\/div>\n\t\t\t\t\t<div id=\"elementor-tab-content-8261\" class=\"elementor-tab-content elementor-clearfix\" data-tab=\"1\" role=\"region\" aria-labelledby=\"elementor-tab-title-8261\"><p><span style=\"font-weight: 400;\">La Unidad de Investigaci\u00f3n, Desarrollo Tecnol\u00f3gico e Innovaci\u00f3n estar\u00e1 presidida por el Rector o su delegado e integrada por el Vicerrector (a), el Coordinador de Investigaci\u00f3n, Desarrollo Tecnol\u00f3gico e Innovaci\u00f3n y tres profesores, que ser\u00e1n nombrados por el \u00d3rgano Colegiado Superior, de una lista propuesta por el Vicerrector (a). Durar\u00e1n dos a\u00f1os en sus funciones, pudiendo ser reelegidos. Las normas para la instalaci\u00f3n, funcionamiento y toma de decisiones en esta Comisi\u00f3n, constar\u00e1n en la reglamentaci\u00f3n interna que para el efecto se expida.<\/span><\/p><\/div>\n\t\t\t\t<\/div>\n\t\t\t\t\t\t\t<div class=\"elementor-accordion-item\">\n\t\t\t\t\t<div id=\"elementor-tab-title-8262\" class=\"elementor-tab-title\" data-tab=\"2\" role=\"button\" aria-controls=\"elementor-tab-content-8262\" aria-expanded=\"false\">\n\t\t\t\t\t\t\t\t\t\t\t\t\t<span class=\"elementor-accordion-icon elementor-accordion-icon-left\" aria-hidden=\"true\">\n\t\t\t\t\t\t\t\t\t\t\t\t\t\t\t<span class=\"elementor-accordion-icon-closed\"><i class=\"fas fa-plus\"><\/i><\/span>\n\t\t\t\t\t\t\t\t<span class=\"elementor-accordion-icon-opened\"><i class=\"fas fa-minus\"><\/i><\/span>\n\t\t\t\t\t\t\t\t\t\t\t\t\t\t<\/span>\n\t\t\t\t\t\t\t\t\t\t\t\t<a class=\"elementor-accordion-title\" tabindex=\"0\">Art. 56. Funciones de la Unidad de Investigaci\u00f3n, Desarrollo Tecnol\u00f3gico e Innovaci\u00f3n. -<\/a>\n\t\t\t\t\t<\/div>\n\t\t\t\t\t<div id=\"elementor-tab-content-8262\" class=\"elementor-tab-content elementor-clearfix\" data-tab=\"2\" role=\"region\" aria-labelledby=\"elementor-tab-title-8262\"><p><span style=\"font-weight: 400;\">La Unidad de Investigaci\u00f3n, Desarrollo Tecnol\u00f3gico e Innovaci\u00f3n est\u00e1 orientada a contribuir con el desarrollo de destrezas tecnol\u00f3gicas para mejorar la eficiencia de los procesos productivos a trav\u00e9s de la investigaci\u00f3n e innovaci\u00f3n t\u00e9cnica, para generar conocimiento cient\u00edfico y tecnol\u00f3gico que promueva la relaci\u00f3n entre la sociedad, el estado y el sector productivo. El sistema de investigaci\u00f3n involucra din\u00e1micamente a todos los actores de la Instituci\u00f3n, directivos, profesores y estudiantes en concordancia con la visi\u00f3n hacia la ciencia, la tecnolog\u00eda y la innovaci\u00f3n que tiene el Estado ecuatoriano.\u00a0<\/span><\/p><p><span style=\"font-weight: 400;\">El Instituto podr\u00e1 participar en los programas de investigaci\u00f3n pertenecientes al Sistema Nacional de Ciencia y Tecnolog\u00eda, observar\u00e1 las normativas, planes y programas, de conformidad con las normas vigentes. Participar\u00e1 de los programas de investigaci\u00f3n que planifique y ejecute la SENESCYT, los organismos de control, la comunidad de educaci\u00f3n superior del Ecuador, as\u00ed como organismos e instituciones nacionales e internacionales. Igualmente podr\u00e1 desarrollar programas propios en esta \u00e1rea.<\/span><\/p><p><span style=\"font-weight: 400;\">Las metas de los programas de Ciencia y Tecnolog\u00eda, constar\u00e1n en el PEDI, y sus POAs respectivos. Las funciones de esta unidad son:<\/span><\/p><ol><li style=\"font-weight: 400;\" aria-level=\"1\"><span style=\"font-weight: 400;\">Presentar al \u00d3rgano Colegiado Superior el Plan de Investigaci\u00f3n, Desarrollo Tecnol\u00f3gico e Innovaci\u00f3n;\u00a0<\/span><\/li><li style=\"font-weight: 400;\" aria-level=\"1\"><span style=\"font-weight: 400;\">Hacer cumplir el Reglamento de Investigaci\u00f3n de la Instituci\u00f3n;<\/span><\/li><li style=\"font-weight: 400;\" aria-level=\"1\"><span style=\"font-weight: 400;\">Impulsar la investigaci\u00f3n cient\u00edfica y tecnol\u00f3gica en coordinaci\u00f3n con los sectores productivos;\u00a0<\/span><\/li><li style=\"font-weight: 400;\" aria-level=\"1\"><span style=\"font-weight: 400;\">Planificar e implementar la capacitaci\u00f3n a los profesores y estudiantes con fines de investigaci\u00f3n e innovaci\u00f3n tecnol\u00f3gica;\u00a0<\/span><\/li><li style=\"font-weight: 400;\" aria-level=\"1\"><span style=\"font-weight: 400;\">Identificar los problemas y programar los procesos de consultor\u00eda y asesor\u00edas con instituciones del sector p\u00fablico y privado, particularmente del sector rural, a fin de garantizar la articulaci\u00f3n entre la investigaci\u00f3n y los procesos de desarrollo comunitario liderados por la Instituci\u00f3n;\u00a0<\/span><\/li><li style=\"font-weight: 400;\" aria-level=\"1\"><span style=\"font-weight: 400;\">Evaluar el plan de trabajo en forma semestral y presentar un informe al OCS;\u00a0<\/span><\/li><li style=\"font-weight: 400;\" aria-level=\"1\"><span style=\"font-weight: 400;\">Proponer y ejecutar pol\u00edticas de Investigaci\u00f3n, Desarrollo Tecnol\u00f3gico e Innovaci\u00f3n;<\/span><\/li><li style=\"font-weight: 400;\" aria-level=\"1\"><span style=\"font-weight: 400;\">Dise\u00f1ar, elaborar y ejecutar planes, programas y proyectos de innovaci\u00f3n tecnol\u00f3gica, en base al an\u00e1lisis de necesidades sociales para un buen desarrollo comunitario;<\/span><\/li><li style=\"font-weight: 400;\" aria-level=\"1\"><span style=\"font-weight: 400;\">Evaluar la atenci\u00f3n de los procesos y soluciones brindadas a los problemas planteados en el plan de Investigaci\u00f3n, Desarrollo Tecnol\u00f3gico e Innovaci\u00f3n;<\/span><\/li><li style=\"font-weight: 400;\" aria-level=\"1\"><span style=\"font-weight: 400;\">Presentar informes semestrales, a trav\u00e9s de la Matriz de Seguimiento del POA, al OCS, sobre el cumplimiento de los planes y nuevas propuestas de Investigaci\u00f3n, Desarrollo Tecnol\u00f3gico e Innovaci\u00f3n; y,\u00a0<\/span><\/li><li style=\"font-weight: 400;\" aria-level=\"1\"><span style=\"font-weight: 400;\">Las dem\u00e1s que se le asignen mediante reglamentos o resoluciones.<\/span><\/li><\/ol><\/div>\n\t\t\t\t<\/div>\n\t\t\t\t\t\t\t<div class=\"elementor-accordion-item\">\n\t\t\t\t\t<div id=\"elementor-tab-title-8263\" class=\"elementor-tab-title\" data-tab=\"3\" role=\"button\" aria-controls=\"elementor-tab-content-8263\" aria-expanded=\"false\">\n\t\t\t\t\t\t\t\t\t\t\t\t\t<span class=\"elementor-accordion-icon elementor-accordion-icon-left\" aria-hidden=\"true\">\n\t\t\t\t\t\t\t\t\t\t\t\t\t\t\t<span class=\"elementor-accordion-icon-closed\"><i class=\"fas fa-plus\"><\/i><\/span>\n\t\t\t\t\t\t\t\t<span class=\"elementor-accordion-icon-opened\"><i class=\"fas fa-minus\"><\/i><\/span>\n\t\t\t\t\t\t\t\t\t\t\t\t\t\t<\/span>\n\t\t\t\t\t\t\t\t\t\t\t\t<a class=\"elementor-accordion-title\" tabindex=\"0\">Art. 91. Derechos de los profesores e investigadores.-<\/a>\n\t\t\t\t\t<\/div>\n\t\t\t\t\t<div id=\"elementor-tab-content-8263\" class=\"elementor-tab-content elementor-clearfix\" data-tab=\"3\" role=\"region\" aria-labelledby=\"elementor-tab-title-8263\"><p><span style=\"font-weight: 400;\">Son derechos de los profesores e investigadores del Instituto:<\/span><\/p><ol><li style=\"font-weight: 400;\" aria-level=\"1\"><span style=\"font-weight: 400;\">Ejercer la c\u00e1tedra y la investigaci\u00f3n bajo la m\u00e1s amplia libertad sin ning\u00fan tipo de imposici\u00f3n o restricci\u00f3n religiosa, pol\u00edtica, partidista o de otra \u00edndole; de acuerdo a lo establecido en la Constituci\u00f3n de la Rep\u00fablica del Ecuador y en la normativa vigente;<\/span><\/li><li style=\"font-weight: 400;\" aria-level=\"1\"><span style=\"font-weight: 400;\">Contar con las condiciones necesarias para el ejercicio de su actividad;<\/span><\/li><li style=\"font-weight: 400;\" aria-level=\"1\"><span style=\"font-weight: 400;\">Acceder a la carrera de profesor e investigador y a cargos directivos, que garantice estabilidad, promoci\u00f3n, movilidad y retiro, basados en el m\u00e9rito acad\u00e9mico, en la calidad de la ense\u00f1anza impartida, en la producci\u00f3n investigativa, en el perfeccionamiento permanente, sin admitir discriminaci\u00f3n de g\u00e9nero ni de ning\u00fan otro tipo;<\/span><\/li><li style=\"font-weight: 400;\" aria-level=\"1\"><span style=\"font-weight: 400;\">Participar y promover la investigaci\u00f3n;<\/span><\/li><li style=\"font-weight: 400;\" aria-level=\"1\"><span style=\"font-weight: 400;\">Generar y participar en proyectos y actividades de vinculaci\u00f3n;<\/span><\/li><li style=\"font-weight: 400;\" aria-level=\"1\"><span style=\"font-weight: 400;\">Participar en el sistema de evaluaci\u00f3n institucional;<\/span><\/li><li style=\"font-weight: 400;\" aria-level=\"1\"><span style=\"font-weight: 400;\">Ejercer la libertad de asociarse y expresarse;<\/span><\/li><li style=\"font-weight: 400;\" aria-level=\"1\"><span style=\"font-weight: 400;\">Elegir y ser elegido para las representaciones de profesores\/as, e integrar el cogobierno;<\/span><\/li><li style=\"font-weight: 400;\" aria-level=\"1\"><span style=\"font-weight: 400;\">Participar en el proceso de construcci\u00f3n, difusi\u00f3n y aplicaci\u00f3n del conocimiento;\u00a0<\/span><\/li><li style=\"font-weight: 400;\" aria-level=\"1\"><span style=\"font-weight: 400;\">Recibir una capacitaci\u00f3n peri\u00f3dica acorde a su formaci\u00f3n profesional y la c\u00e1tedra que imparta, que fomente e incentive la superaci\u00f3n personal, acad\u00e9mica y pedag\u00f3gica;<\/span><\/li><li style=\"font-weight: 400;\" aria-level=\"1\"><span style=\"font-weight: 400;\">Percibir una remuneraci\u00f3n justa y equitativa de conformidad con la ley y la normativa interna vigente;<\/span><\/li><li style=\"font-weight: 400;\" aria-level=\"1\"><span style=\"font-weight: 400;\">Recibir todos los cursos sobre la Metodolog\u00eda de Procesos del Pensamiento; y,<\/span><\/li><li style=\"font-weight: 400;\" aria-level=\"1\"><span style=\"font-weight: 400;\">Las dem\u00e1s que le sean asignadas por sus superiores en conformidad con la Constituci\u00f3n, la LOES, el C\u00f3digo de Trabajo, otras leyes y Reglamentos, este estatuto y dem\u00e1s normativa vigente.<\/span><\/li><\/ol><\/div>\n\t\t\t\t<\/div>\n\t\t\t\t\t\t\t<div class=\"elementor-accordion-item\">\n\t\t\t\t\t<div id=\"elementor-tab-title-8264\" class=\"elementor-tab-title\" data-tab=\"4\" role=\"button\" aria-controls=\"elementor-tab-content-8264\" aria-expanded=\"false\">\n\t\t\t\t\t\t\t\t\t\t\t\t\t<span class=\"elementor-accordion-icon elementor-accordion-icon-left\" aria-hidden=\"true\">\n\t\t\t\t\t\t\t\t\t\t\t\t\t\t\t<span class=\"elementor-accordion-icon-closed\"><i class=\"fas fa-plus\"><\/i><\/span>\n\t\t\t\t\t\t\t\t<span class=\"elementor-accordion-icon-opened\"><i class=\"fas fa-minus\"><\/i><\/span>\n\t\t\t\t\t\t\t\t\t\t\t\t\t\t<\/span>\n\t\t\t\t\t\t\t\t\t\t\t\t<a class=\"elementor-accordion-title\" tabindex=\"0\">Art. 114. Requisitos de Graduaci\u00f3n<\/a>\n\t\t\t\t\t<\/div>\n\t\t\t\t\t<div id=\"elementor-tab-content-8264\" class=\"elementor-tab-content elementor-clearfix\" data-tab=\"4\" role=\"region\" aria-labelledby=\"elementor-tab-title-8264\"><p><span style=\"font-weight: 400;\">Para la obtenci\u00f3n del t\u00edtulo, el estudiante deber\u00e1 cumplir con todos los requisitos acad\u00e9micos, administrativos y financieros establecidos en las leyes, reglamentos, este estatuto, el <\/span><span style=\"font-weight: 400;\">Reglamento de Graduaci\u00f3n del Instituto<\/span><span style=\"font-weight: 400;\"> y dem\u00e1s normativa vigente. Entre otros, el estudiante deber\u00e1 haber completado el 100% de su plan de estudio, las pr\u00e1cticas pre profesionales de tipo laboral (240 horas) y comunitario (96 horas), el desarrollo, sustentaci\u00f3n y defensa de su trabajo de integraci\u00f3n curricular o la aprobaci\u00f3n de un examen complexivo, y el nivel A2 de ingl\u00e9s.<\/span><\/p><\/div>\n\t\t\t\t<\/div>\n\t\t\t\t\t\t\t\t<\/div>\n\t\t\t\t\t\t<\/div>\n\t\t\t\t<\/div>\n\t\t\t\t\t<\/div>\n\t\t<\/div>\n\t\t\t\t\t<\/div>\n\t\t<\/section>\n\t\t\t\t<section class=\"elementor-section elementor-top-section elementor-element elementor-element-3f2746c elementor-section-boxed elementor-section-height-default elementor-section-height-default\" data-id=\"3f2746c\" data-element_type=\"section\">\n\t\t\t\t\t\t<div class=\"elementor-container elementor-column-gap-default\">\n\t\t\t\t\t<div class=\"elementor-column elementor-col-33 elementor-top-column elementor-element elementor-element-b9900eb\" data-id=\"b9900eb\" data-element_type=\"column\">\n\t\t\t<div class=\"elementor-widget-wrap\">\n\t\t\t\t\t\t\t<\/div>\n\t\t<\/div>\n\t\t\t\t<div class=\"elementor-column elementor-col-33 elementor-top-column elementor-element elementor-element-c4e5c88\" data-id=\"c4e5c88\" data-element_type=\"column\">\n\t\t\t<div class=\"elementor-widget-wrap elementor-element-populated\">\n\t\t\t\t\t\t<div class=\"elementor-element elementor-element-8ce8842 elementor-widget elementor-widget-heading\" data-id=\"8ce8842\" data-element_type=\"widget\" data-widget_type=\"heading.default\">\n\t\t\t\t<div class=\"elementor-widget-container\">\n\t\t\t\t\t<h4 class=\"elementor-heading-title elementor-size-default\">Ingresar a repositorio TECLEMAS<\/h4>\t\t\t\t<\/div>\n\t\t\t\t<\/div>\n\t\t\t\t<div class=\"elementor-element elementor-element-8891562 elementor-widget elementor-widget-image\" data-id=\"8891562\" data-element_type=\"widget\" data-widget_type=\"image.default\">\n\t\t\t\t<div class=\"elementor-widget-container\">\n\t\t\t\t\t\t\t\t\t\t\t\t\t\t\t\t<a href=\"https:\/\/dspace.teclemas.edu.ec\/home\">\n\t\t\t\t\t\t\t<img decoding=\"async\" width=\"150\" height=\"150\" src=\"https:\/\/www.teclemas.ec\/inicio\/wp-content\/uploads\/2022\/07\/dspace-150x150.jpg\" class=\"attachment-thumbnail size-thumbnail wp-image-3137\" alt=\"\" \/>\t\t\t\t\t\t\t\t<\/a>\n\t\t\t\t\t\t\t\t\t\t\t\t\t\t\t<\/div>\n\t\t\t\t<\/div>\n\t\t\t\t\t<\/div>\n\t\t<\/div>\n\t\t\t\t<div class=\"elementor-column elementor-col-33 elementor-top-column elementor-element elementor-element-3c02468\" data-id=\"3c02468\" data-element_type=\"column\">\n\t\t\t<div class=\"elementor-widget-wrap\">\n\t\t\t\t\t\t\t<\/div>\n\t\t<\/div>\n\t\t\t\t\t<\/div>\n\t\t<\/section>\n\t\t\t\t<\/div>\n\t\t","protected":false},"excerpt":{"rendered":"<p>Investigaci\u00f3n Objetivo Aportar en la generaci\u00f3n de conocimiento para proporcionar a la sociedad los frutos del proceso de investigaci\u00f3n institucional que impacten su desarrollo. Descripci\u00f3n&nbsp;<a href=\"https:\/\/www.teclemas.ec\/inicio\/investigacion\/\">&hellip;<\/a><\/p>\n","protected":false},"author":4,"featured_media":0,"parent":0,"menu_order":0,"comment_status":"closed","ping_status":"closed","template":"template-fullwidth-no-title.php","meta":{"footnotes":""},"class_list":["post-3106","page","type-page","status-publish","hentry","odd"],"_links":{"self":[{"href":"https:\/\/www.teclemas.ec\/inicio\/wp-json\/wp\/v2\/pages\/3106","targetHints":{"allow":["GET"]}}],"collection":[{"href":"https:\/\/www.teclemas.ec\/inicio\/wp-json\/wp\/v2\/pages"}],"about":[{"href":"https:\/\/www.teclemas.ec\/inicio\/wp-json\/wp\/v2\/types\/page"}],"author":[{"embeddable":true,"href":"https:\/\/www.teclemas.ec\/inicio\/wp-json\/wp\/v2\/users\/4"}],"replies":[{"embeddable":true,"href":"https:\/\/www.teclemas.ec\/inicio\/wp-json\/wp\/v2\/comments?post=3106"}],"version-history":[{"count":0,"href":"https:\/\/www.teclemas.ec\/inicio\/wp-json\/wp\/v2\/pages\/3106\/revisions"}],"wp:attachment":[{"href":"https:\/\/www.teclemas.ec\/inicio\/wp-json\/wp\/v2\/media?parent=3106"}],"curies":[{"name":"wp","href":"https:\/\/api.w.org\/{rel}","templated":true}]}}