{"id":1129,"date":"2022-06-17T13:52:28","date_gmt":"2022-06-17T18:52:28","guid":{"rendered":"https:\/\/web.teclemas.edu.ec\/?page_id=1129"},"modified":"2022-06-17T13:52:28","modified_gmt":"2022-06-17T18:52:28","slug":"creacion","status":"publish","type":"page","link":"https:\/\/www.teclemas.ec\/inicio\/creacion\/","title":{"rendered":"Creaci\u00f3n"},"content":{"rendered":"\t\t<div data-elementor-type=\"wp-page\" data-elementor-id=\"1129\" class=\"elementor elementor-1129\">\n\t\t\t\t\t\t<section class=\"elementor-section elementor-top-section elementor-element elementor-element-26909872 elementor-section-stretched elementor-section-boxed elementor-section-height-default elementor-section-height-default\" data-id=\"26909872\" data-element_type=\"section\" data-settings=\"{&quot;background_background&quot;:&quot;classic&quot;,&quot;stretch_section&quot;:&quot;section-stretched&quot;}\">\n\t\t\t\t\t\t\t<div class=\"elementor-background-overlay\"><\/div>\n\t\t\t\t\t\t\t<div class=\"elementor-container elementor-column-gap-default\">\n\t\t\t\t\t<div class=\"elementor-column elementor-col-50 elementor-top-column elementor-element elementor-element-3ae062e7\" data-id=\"3ae062e7\" data-element_type=\"column\" data-settings=\"{&quot;background_background&quot;:&quot;classic&quot;}\">\n\t\t\t<div class=\"elementor-widget-wrap elementor-element-populated\">\n\t\t\t\t\t\t<div class=\"elementor-element elementor-element-34bd6823 elementor-widget elementor-widget-heading\" data-id=\"34bd6823\" data-element_type=\"widget\" data-widget_type=\"heading.default\">\n\t\t\t\t<div class=\"elementor-widget-container\">\n\t\t\t\t\t<h1 class=\"elementor-heading-title elementor-size-default\">Historia<\/h1>\t\t\t\t<\/div>\n\t\t\t\t<\/div>\n\t\t\t\t<div class=\"elementor-element elementor-element-2749a85f elementor-view-default elementor-widget elementor-widget-icon\" data-id=\"2749a85f\" data-element_type=\"widget\" data-widget_type=\"icon.default\">\n\t\t\t\t<div class=\"elementor-widget-container\">\n\t\t\t\t\t\t\t<div class=\"elementor-icon-wrapper\">\n\t\t\t<div class=\"elementor-icon\">\n\t\t\t<i aria-hidden=\"true\" class=\"fas fa-caret-down\"><\/i>\t\t\t<\/div>\n\t\t<\/div>\n\t\t\t\t\t\t<\/div>\n\t\t\t\t<\/div>\n\t\t\t\t\t<\/div>\n\t\t<\/div>\n\t\t\t\t<div class=\"elementor-column elementor-col-50 elementor-top-column elementor-element elementor-element-36b7f8ab\" data-id=\"36b7f8ab\" data-element_type=\"column\">\n\t\t\t<div class=\"elementor-widget-wrap\">\n\t\t\t\t\t\t\t<\/div>\n\t\t<\/div>\n\t\t\t\t\t<\/div>\n\t\t<\/section>\n\t\t\t\t<section class=\"elementor-section elementor-top-section elementor-element elementor-element-12eebbaf elementor-section-boxed elementor-section-height-default elementor-section-height-default\" data-id=\"12eebbaf\" data-element_type=\"section\">\n\t\t\t\t\t\t<div class=\"elementor-container elementor-column-gap-default\">\n\t\t\t\t\t<div class=\"elementor-column elementor-col-100 elementor-top-column elementor-element elementor-element-c3077d\" data-id=\"c3077d\" data-element_type=\"column\">\n\t\t\t<div class=\"elementor-widget-wrap elementor-element-populated\">\n\t\t\t\t\t\t<div class=\"elementor-element elementor-element-357b506f elementor-widget elementor-widget-heading\" data-id=\"357b506f\" data-element_type=\"widget\" data-widget_type=\"heading.default\">\n\t\t\t\t<div class=\"elementor-widget-container\">\n\t\t\t\t\t<h2 class=\"elementor-heading-title elementor-size-default\">\u00bf C\u00f3mo surge el Instituto Superior Tecnol\u00f3gico Lemas ?<\/h2>\t\t\t\t<\/div>\n\t\t\t\t<\/div>\n\t\t\t\t<div class=\"elementor-element elementor-element-490da3b elementor-widget elementor-widget-text-editor\" data-id=\"490da3b\" data-element_type=\"widget\" data-widget_type=\"text-editor.default\">\n\t\t\t\t<div class=\"elementor-widget-container\">\n\t\t\t\t\t\t\t\t\tEl Instituto Superior Tecnol\u00f3gico LEMAS es una Instituci\u00f3n de Educaci\u00f3n Superior (IES) de Tercer Nivel creado por el Consejo de Educaci\u00f3n Superior mediante Resoluci\u00f3n No. RPC-SO-32-No.571-2019 del 18 de septiembre de 2019.<br><br>\n\nEl Instituto Superior Tecnol\u00f3gico LEMAS forma parte del Grupo Educativo LEMAS que tiene m\u00e1s de 30 a\u00f1os de experiencia en la formaci\u00f3n de generaciones, basada en el desarrollo del pensamiento. Otras instituciones del Grupo LEMAS son:\n\n<ul>\n \t<li>Unidad Educativa LEMAS \u2013 Mucho Lote 1<\/li>\n \t<li>Unidad Educativa LEMAS \u2013 Mucho Lote 2<\/li>\n \t<li>Fundaci\u00f3n Educativa Margarita Amestoy de S\u00e1nchez \u201cFEMAS\u201d<\/li>\n \t<li>Fundaci\u00f3n para la Conservaci\u00f3n de la Naturaleza y la Educaci\u00f3n Ambiental \u201cLEAMCON\u201d<\/li>\n \t<li>Academia de Artes Uniartes<\/li>\n \t<li>Academia de Ingl\u00e9s LEA<\/li>\n<\/ul>\t\t\t\t\t\t\t\t<\/div>\n\t\t\t\t<\/div>\n\t\t\t\t\t<\/div>\n\t\t<\/div>\n\t\t\t\t\t<\/div>\n\t\t<\/section>\n\t\t\t\t<\/div>\n\t\t","protected":false},"excerpt":{"rendered":"<p>Historia \u00bf C\u00f3mo surge el Instituto Superior Tecnol\u00f3gico Lemas ? El Instituto Superior Tecnol\u00f3gico LEMAS es una Instituci\u00f3n de Educaci\u00f3n Superior (IES) de Tercer Nivel&nbsp;<a href=\"https:\/\/www.teclemas.ec\/inicio\/creacion\/\">&hellip;<\/a><\/p>\n","protected":false},"author":4,"featured_media":0,"parent":0,"menu_order":0,"comment_status":"closed","ping_status":"closed","template":"template-fullwidth-no-title.php","meta":{"footnotes":""},"class_list":["post-1129","page","type-page","status-publish","hentry","odd"],"_links":{"self":[{"href":"https:\/\/www.teclemas.ec\/inicio\/wp-json\/wp\/v2\/pages\/1129","targetHints":{"allow":["GET"]}}],"collection":[{"href":"https:\/\/www.teclemas.ec\/inicio\/wp-json\/wp\/v2\/pages"}],"about":[{"href":"https:\/\/www.teclemas.ec\/inicio\/wp-json\/wp\/v2\/types\/page"}],"author":[{"embeddable":true,"href":"https:\/\/www.teclemas.ec\/inicio\/wp-json\/wp\/v2\/users\/4"}],"replies":[{"embeddable":true,"href":"https:\/\/www.teclemas.ec\/inicio\/wp-json\/wp\/v2\/comments?post=1129"}],"version-history":[{"count":0,"href":"https:\/\/www.teclemas.ec\/inicio\/wp-json\/wp\/v2\/pages\/1129\/revisions"}],"wp:attachment":[{"href":"https:\/\/www.teclemas.ec\/inicio\/wp-json\/wp\/v2\/media?parent=1129"}],"curies":[{"name":"wp","href":"https:\/\/api.w.org\/{rel}","templated":true}]}}